{"id":3370,"date":"2023-02-07T08:52:05","date_gmt":"2023-02-07T07:52:05","guid":{"rendered":"https:\/\/seriprintserigrafia.com\/?post_type=product&#038;p=3370"},"modified":"2023-12-21T10:44:28","modified_gmt":"2023-12-21T09:44:28","slug":"tote-bag-300-fuelle","status":"publish","type":"product","link":"https:\/\/seriprintserigrafia.com\/en\/product\/tote-bag-300-fuelle\/","title":{"rendered":"Tote Bag  de algod\u00f3n de 300 gramos con fuelle"},"content":{"rendered":"<p><strong>Cotton Bag with Gusset: Sustainable and Spacious Elegance<\/strong><\/p>\n<p>Discover the harmony between style and sustainability with our Gusseted Cotton Bag.<\/p>\n<p>Made from 300 gram 100% cotton material, this bag is not only environmentally friendly, but also offers a touch of elegance to your daily activities.<\/p>\n<p>It can be customized to our liking with our design or company logo.<\/p>\n<p>Give a touch of color to your company by customizing your tote bag with us.<\/p>\n<p><strong>Key Features:<\/strong><\/p>\n<ul>\n<li class=\"translation-block\"><strong>Premium Material:<\/strong> The bag is made with high quality cotton, providing durability and resistance for continuous use.<\/li>\n<li class=\"translation-block\"><strong>Spacious Design:<\/strong> With measurements of 38 x 42 x 8 cm and a gusset that expands its capacity, this bag is ideal for carrying everything you need with you without sacrificing style.<\/li>\n<li class=\"translation-block\"><strong>Sustainability in Every Use:<\/strong> By choosing this cotton bag, you are contributing to the reduction of plastic waste and supporting sustainable fashion.<\/li>\n<li class=\"translation-block\"><strong>Versatility of Use:<\/strong> Perfect for carrying your shopping, daily items or even as an elegant and environmentally friendly gift option.<\/li>\n<\/ul>\n<p><strong>Measures:<\/strong><\/p>\n<ul>\n<li>length: 38 cm.<\/li>\n<li>Height: 42 cm.<\/li>\n<li>width: 8 cm.<\/li>\n<\/ul>\n<p>Opta por una elecci\u00f3n consciente y lleva tus pertenencias con estilo. Esta Bolsa de Algod\u00f3n con Fuelle personalizable es m\u00e1s que un accesorio; es una declaraci\u00f3n de compromiso con la sostenibilidad.<\/p>\n<hr \/>","protected":false},"excerpt":{"rendered":"<p>100% cotton gift bags to promote your brand.<\/p>","protected":false},"featured_media":3378,"comment_status":"closed","ping_status":"closed","template":"","meta":{"site-sidebar-layout":"default","site-content-layout":"default","ast-site-content-layout":"default","site-content-style":"default","site-sidebar-style":"default","ast-global-header-display":"","ast-banner-title-visibility":"","ast-main-header-display":"","ast-hfb-above-header-display":"","ast-hfb-below-header-display":"","ast-hfb-mobile-header-display":"","site-post-title":"","ast-breadcrumbs-content":"","ast-featured-img":"","footer-sml-layout":"","ast-disable-related-posts":"","theme-transparent-header-meta":"default","adv-header-id-meta":"","stick-header-meta":"default","header-above-stick-meta":"","header-main-stick-meta":"","header-below-stick-meta":"","astra-migrate-meta-layouts":"set","ast-page-background-enabled":"default","ast-page-background-meta":{"desktop":{"background-color":"","background-image":"","background-repeat":"repeat","background-position":"center center","background-size":"auto","background-attachment":"scroll","background-type":"","background-media":"","overlay-type":"","overlay-color":"","overlay-opacity":"","overlay-gradient":""},"tablet":{"background-color":"","background-image":"","background-repeat":"repeat","background-position":"center center","background-size":"auto","background-attachment":"scroll","background-type":"","background-media":"","overlay-type":"","overlay-color":"","overlay-opacity":"","overlay-gradient":""},"mobile":{"background-color":"","background-image":"","background-repeat":"repeat","background-position":"center center","background-size":"auto","background-attachment":"scroll","background-type":"","background-media":"","overlay-type":"","overlay-color":"","overlay-opacity":"","overlay-gradient":""}},"ast-content-background-meta":{"desktop":{"background-color":"var(--ast-global-color-5)","background-image":"","background-repeat":"repeat","background-position":"center center","background-size":"auto","background-attachment":"scroll","background-type":"","background-media":"","overlay-type":"","overlay-color":"","overlay-opacity":"","overlay-gradient":""},"tablet":{"background-color":"var(--ast-global-color-5)","background-image":"","background-repeat":"repeat","background-position":"center center","background-size":"auto","background-attachment":"scroll","background-type":"","background-media":"","overlay-type":"","overlay-color":"","overlay-opacity":"","overlay-gradient":""},"mobile":{"background-color":"var(--ast-global-color-5)","background-image":"","background-repeat":"repeat","background-position":"center center","background-size":"auto","background-attachment":"scroll","background-type":"","background-media":"","overlay-type":"","overlay-color":"","overlay-opacity":"","overlay-gradient":""}}},"product_brand":[],"product_cat":[42,77],"product_tag":[],"class_list":{"0":"post-3370","1":"product","2":"type-product","3":"status-publish","4":"has-post-thumbnail","6":"product_cat-algodon","7":"product_cat-bolsas","8":"desktop-align-center","9":"tablet-align-center","10":"mobile-align-center","11":"ast-product-gallery-layout-horizontal","12":"ast-product-gallery-with-no-image","13":"ast-product-single-variable","14":"ast-product-tabs-layout-horizontal","16":"first","17":"instock","18":"taxable","19":"shipping-taxable","20":"purchasable","21":"product-type-variable"},"yoast_head":"<!-- This site is optimized with the Yoast SEO Premium plugin v21.7 (Yoast SEO v27.4) - https:\/\/yoast.com\/product\/yoast-seo-premium-wordpress\/ -->\n<title>Tote Bag de algod\u00f3n de 300 gramos con fuelle - Seriprint Serigraf\u00eda<\/title>\n<meta name=\"description\" content=\"Bolsa de regalo 100% algod\u00f3n con fuelle personalizables, ideales para dar a conocer tu marca o empresa .Mejora la presencia de tu marca a partir de 2,79 \u20ac .\" \/>\n<meta name=\"robots\" content=\"index, follow, max-snippet:-1, max-image-preview:large, max-video-preview:-1\" \/>\n<link rel=\"canonical\" href=\"https:\/\/seriprintserigrafia.com\/en\/product\/tote-bag-300-fuelle\/\" \/>\n<meta property=\"og:locale\" content=\"en_GB\" \/>\n<meta property=\"og:type\" content=\"article\" \/>\n<meta property=\"og:title\" content=\"Tote Bag de algod\u00f3n de 300 gramos con fuelle\" \/>\n<meta property=\"og:description\" content=\"Bolsa de regalo 100% algod\u00f3n con fuelle personalizables, ideales para dar a conocer tu marca o empresa .Mejora la presencia de tu marca a partir de 2,79 \u20ac .\" \/>\n<meta property=\"og:url\" content=\"https:\/\/seriprintserigrafia.com\/en\/product\/tote-bag-300-fuelle\/\" \/>\n<meta property=\"og:site_name\" content=\"Seriprint Serigraf\u00eda\" \/>\n<meta property=\"article:publisher\" content=\"https:\/\/www.facebook.com\/bolsasdepapelbaratas\" \/>\n<meta property=\"article:modified_time\" content=\"2023-12-21T09:44:28+00:00\" \/>\n<meta property=\"og:image\" content=\"https:\/\/seriprintserigrafia.com\/wp-content\/uploads\/2023\/02\/tote-bag-300gr-con-fuelle.jpg\" \/>\n\t<meta property=\"og:image:width\" content=\"700\" \/>\n\t<meta property=\"og:image:height\" content=\"700\" \/>\n\t<meta property=\"og:image:type\" content=\"image\/jpeg\" \/>\n<meta name=\"twitter:card\" content=\"summary_large_image\" \/>\n<meta name=\"twitter:site\" content=\"@_Seriprint\" \/>\n<meta name=\"twitter:label1\" content=\"Availability\" \/>\n\t<meta name=\"twitter:data1\" content=\"In stock\" \/>\n<script type=\"application\/ld+json\" class=\"yoast-schema-graph\">{\"@context\":\"https:\\\/\\\/schema.org\",\"@graph\":[{\"@type\":\"WebPage\",\"@id\":\"https:\\\/\\\/seriprintserigrafia.com\\\/producto\\\/tote-bag-300-fuelle\\\/\",\"url\":\"https:\\\/\\\/seriprintserigrafia.com\\\/producto\\\/tote-bag-300-fuelle\\\/\",\"name\":\"Tote Bag de algod\u00f3n de 300 gramos con fuelle - Seriprint Serigraf\u00eda\",\"isPartOf\":{\"@id\":\"https:\\\/\\\/seriprintserigrafia.com\\\/#website\"},\"primaryImageOfPage\":{\"@id\":\"https:\\\/\\\/seriprintserigrafia.com\\\/producto\\\/tote-bag-300-fuelle\\\/#primaryimage\"},\"image\":{\"@id\":\"https:\\\/\\\/seriprintserigrafia.com\\\/producto\\\/tote-bag-300-fuelle\\\/#primaryimage\"},\"thumbnailUrl\":\"https:\\\/\\\/seriprintserigrafia.com\\\/wp-content\\\/uploads\\\/2023\\\/02\\\/tote-bag-300gr-con-fuelle.jpg\",\"datePublished\":\"2023-02-07T07:52:05+00:00\",\"dateModified\":\"2023-12-21T09:44:28+00:00\",\"description\":\"Bolsa de regalo 100% algod\u00f3n con fuelle personalizables, ideales para dar a conocer tu marca o empresa .Mejora la presencia de tu marca a partir de 2,79 \u20ac .\",\"breadcrumb\":{\"@id\":\"https:\\\/\\\/seriprintserigrafia.com\\\/producto\\\/tote-bag-300-fuelle\\\/#breadcrumb\"},\"inLanguage\":\"en-GB\",\"potentialAction\":[{\"@type\":\"ReadAction\",\"target\":[\"https:\\\/\\\/seriprintserigrafia.com\\\/producto\\\/tote-bag-300-fuelle\\\/\"]}]},{\"@type\":\"ImageObject\",\"inLanguage\":\"en-GB\",\"@id\":\"https:\\\/\\\/seriprintserigrafia.com\\\/producto\\\/tote-bag-300-fuelle\\\/#primaryimage\",\"url\":\"https:\\\/\\\/seriprintserigrafia.com\\\/wp-content\\\/uploads\\\/2023\\\/02\\\/tote-bag-300gr-con-fuelle.jpg\",\"contentUrl\":\"https:\\\/\\\/seriprintserigrafia.com\\\/wp-content\\\/uploads\\\/2023\\\/02\\\/tote-bag-300gr-con-fuelle.jpg\",\"width\":700,\"height\":700,\"caption\":\"Bolsa 100 %de algod\u00f3n con fuelle de 300gr\"},{\"@type\":\"BreadcrumbList\",\"@id\":\"https:\\\/\\\/seriprintserigrafia.com\\\/producto\\\/tote-bag-300-fuelle\\\/#breadcrumb\",\"itemListElement\":[{\"@type\":\"ListItem\",\"position\":1,\"name\":\"Portada\",\"item\":\"https:\\\/\\\/seriprintserigrafia.com\\\/\"},{\"@type\":\"ListItem\",\"position\":2,\"name\":\"Bolsas\",\"item\":\"https:\\\/\\\/seriprintserigrafia.com\\\/en\\\/bolsas\\\/\"},{\"@type\":\"ListItem\",\"position\":3,\"name\":\"Tote Bag de algod\u00f3n de 300 gramos con fuelle\"}]},{\"@type\":\"WebSite\",\"@id\":\"https:\\\/\\\/seriprintserigrafia.com\\\/#website\",\"url\":\"https:\\\/\\\/seriprintserigrafia.com\\\/\",\"name\":\"Seriprint Serigraf\u00eda\",\"description\":\"Las Mejores Ofertas en Bolsas\",\"publisher\":{\"@id\":\"https:\\\/\\\/seriprintserigrafia.com\\\/#organization\"},\"potentialAction\":[{\"@type\":\"SearchAction\",\"target\":{\"@type\":\"EntryPoint\",\"urlTemplate\":\"https:\\\/\\\/seriprintserigrafia.com\\\/?s={search_term_string}\"},\"query-input\":{\"@type\":\"PropertyValueSpecification\",\"valueRequired\":true,\"valueName\":\"search_term_string\"}}],\"inLanguage\":\"en-GB\"},{\"@type\":\"Organization\",\"@id\":\"https:\\\/\\\/seriprintserigrafia.com\\\/#organization\",\"name\":\"Seriprint Serigraf\u00eda S.L\",\"url\":\"https:\\\/\\\/seriprintserigrafia.com\\\/\",\"logo\":{\"@type\":\"ImageObject\",\"inLanguage\":\"en-GB\",\"@id\":\"https:\\\/\\\/seriprintserigrafia.com\\\/#\\\/schema\\\/logo\\\/image\\\/\",\"url\":\"https:\\\/\\\/seriprintserigrafia.com\\\/wp-content\\\/uploads\\\/2021\\\/02\\\/Logo-Seriprint-Serigrafia-Transparente.png\",\"contentUrl\":\"https:\\\/\\\/seriprintserigrafia.com\\\/wp-content\\\/uploads\\\/2021\\\/02\\\/Logo-Seriprint-Serigrafia-Transparente.png\",\"width\":594,\"height\":213,\"caption\":\"Seriprint Serigraf\u00eda S.L\"},\"image\":{\"@id\":\"https:\\\/\\\/seriprintserigrafia.com\\\/#\\\/schema\\\/logo\\\/image\\\/\"},\"sameAs\":[\"https:\\\/\\\/www.facebook.com\\\/bolsasdepapelbaratas\",\"https:\\\/\\\/x.com\\\/_Seriprint\",\"https:\\\/\\\/www.instagram.com\\\/seriprint_serigrafia_\\\/\"]}]}<\/script>\n<meta property=\"og:availability\" content=\"instock\" \/>\n<meta property=\"product:availability\" content=\"instock\" \/>\n<meta property=\"product:condition\" content=\"new\" \/>\n<!-- \/ Yoast SEO Premium plugin. -->","yoast_head_json":{"title":"Tote Bag de algod\u00f3n de 300 gramos con fuelle - Seriprint Serigraf\u00eda","description":"Bolsa de regalo 100% algod\u00f3n con fuelle personalizables, ideales para dar a conocer tu marca o empresa .Mejora la presencia de tu marca a partir de 2,79 \u20ac .","robots":{"index":"index","follow":"follow","max-snippet":"max-snippet:-1","max-image-preview":"max-image-preview:large","max-video-preview":"max-video-preview:-1"},"canonical":"https:\/\/seriprintserigrafia.com\/en\/product\/tote-bag-300-fuelle\/","og_locale":"en_GB","og_type":"article","og_title":"Tote Bag de algod\u00f3n de 300 gramos con fuelle","og_description":"Bolsa de regalo 100% algod\u00f3n con fuelle personalizables, ideales para dar a conocer tu marca o empresa .Mejora la presencia de tu marca a partir de 2,79 \u20ac .","og_url":"https:\/\/seriprintserigrafia.com\/en\/product\/tote-bag-300-fuelle\/","og_site_name":"Seriprint Serigraf\u00eda","article_publisher":"https:\/\/www.facebook.com\/bolsasdepapelbaratas","article_modified_time":"2023-12-21T09:44:28+00:00","og_image":[{"width":700,"height":700,"url":"https:\/\/seriprintserigrafia.com\/wp-content\/uploads\/2023\/02\/tote-bag-300gr-con-fuelle.jpg","type":"image\/jpeg"}],"twitter_card":"summary_large_image","twitter_site":"@_Seriprint","twitter_misc":{"Availability":"In stock"},"schema":{"@context":"https:\/\/schema.org","@graph":[{"@type":"WebPage","@id":"https:\/\/seriprintserigrafia.com\/producto\/tote-bag-300-fuelle\/","url":"https:\/\/seriprintserigrafia.com\/producto\/tote-bag-300-fuelle\/","name":"Tote Bag de algod\u00f3n de 300 gramos con fuelle - Seriprint Serigraf\u00eda","isPartOf":{"@id":"https:\/\/seriprintserigrafia.com\/#website"},"primaryImageOfPage":{"@id":"https:\/\/seriprintserigrafia.com\/producto\/tote-bag-300-fuelle\/#primaryimage"},"image":{"@id":"https:\/\/seriprintserigrafia.com\/producto\/tote-bag-300-fuelle\/#primaryimage"},"thumbnailUrl":"https:\/\/seriprintserigrafia.com\/wp-content\/uploads\/2023\/02\/tote-bag-300gr-con-fuelle.jpg","datePublished":"2023-02-07T07:52:05+00:00","dateModified":"2023-12-21T09:44:28+00:00","description":"Bolsa de regalo 100% algod\u00f3n con fuelle personalizables, ideales para dar a conocer tu marca o empresa .Mejora la presencia de tu marca a partir de 2,79 \u20ac .","breadcrumb":{"@id":"https:\/\/seriprintserigrafia.com\/producto\/tote-bag-300-fuelle\/#breadcrumb"},"inLanguage":"en-GB","potentialAction":[{"@type":"ReadAction","target":["https:\/\/seriprintserigrafia.com\/producto\/tote-bag-300-fuelle\/"]}]},{"@type":"ImageObject","inLanguage":"en-GB","@id":"https:\/\/seriprintserigrafia.com\/producto\/tote-bag-300-fuelle\/#primaryimage","url":"https:\/\/seriprintserigrafia.com\/wp-content\/uploads\/2023\/02\/tote-bag-300gr-con-fuelle.jpg","contentUrl":"https:\/\/seriprintserigrafia.com\/wp-content\/uploads\/2023\/02\/tote-bag-300gr-con-fuelle.jpg","width":700,"height":700,"caption":"Bolsa 100 %de algod\u00f3n con fuelle de 300gr"},{"@type":"BreadcrumbList","@id":"https:\/\/seriprintserigrafia.com\/producto\/tote-bag-300-fuelle\/#breadcrumb","itemListElement":[{"@type":"ListItem","position":1,"name":"Portada","item":"https:\/\/seriprintserigrafia.com\/"},{"@type":"ListItem","position":2,"name":"Bolsas","item":"https:\/\/seriprintserigrafia.com\/en\/bolsas\/"},{"@type":"ListItem","position":3,"name":"Tote Bag de algod\u00f3n de 300 gramos con fuelle"}]},{"@type":"WebSite","@id":"https:\/\/seriprintserigrafia.com\/#website","url":"https:\/\/seriprintserigrafia.com\/","name":"Seriprint Serigraf\u00eda","description":"The Best Offers on Bags","publisher":{"@id":"https:\/\/seriprintserigrafia.com\/#organization"},"potentialAction":[{"@type":"SearchAction","target":{"@type":"EntryPoint","urlTemplate":"https:\/\/seriprintserigrafia.com\/?s={search_term_string}"},"query-input":{"@type":"PropertyValueSpecification","valueRequired":true,"valueName":"search_term_string"}}],"inLanguage":"en-GB"},{"@type":"Organization","@id":"https:\/\/seriprintserigrafia.com\/#organization","name":"Seriprint Serigraf\u00eda S.L","url":"https:\/\/seriprintserigrafia.com\/","logo":{"@type":"ImageObject","inLanguage":"en-GB","@id":"https:\/\/seriprintserigrafia.com\/#\/schema\/logo\/image\/","url":"https:\/\/seriprintserigrafia.com\/wp-content\/uploads\/2021\/02\/Logo-Seriprint-Serigrafia-Transparente.png","contentUrl":"https:\/\/seriprintserigrafia.com\/wp-content\/uploads\/2021\/02\/Logo-Seriprint-Serigrafia-Transparente.png","width":594,"height":213,"caption":"Seriprint Serigraf\u00eda S.L"},"image":{"@id":"https:\/\/seriprintserigrafia.com\/#\/schema\/logo\/image\/"},"sameAs":["https:\/\/www.facebook.com\/bolsasdepapelbaratas","https:\/\/x.com\/_Seriprint","https:\/\/www.instagram.com\/seriprint_serigrafia_\/"]}]},"og_availability":"instock","product_availability":"instock","product_condition":"new"},"_links":{"self":[{"href":"https:\/\/seriprintserigrafia.com\/en\/wp-json\/wp\/v2\/product\/3370","targetHints":{"allow":["GET"]}}],"collection":[{"href":"https:\/\/seriprintserigrafia.com\/en\/wp-json\/wp\/v2\/product"}],"about":[{"href":"https:\/\/seriprintserigrafia.com\/en\/wp-json\/wp\/v2\/types\/product"}],"replies":[{"embeddable":true,"href":"https:\/\/seriprintserigrafia.com\/en\/wp-json\/wp\/v2\/comments?post=3370"}],"wp:featuredmedia":[{"embeddable":true,"href":"https:\/\/seriprintserigrafia.com\/en\/wp-json\/wp\/v2\/media\/3378"}],"wp:attachment":[{"href":"https:\/\/seriprintserigrafia.com\/en\/wp-json\/wp\/v2\/media?parent=3370"}],"wp:term":[{"taxonomy":"product_brand","embeddable":true,"href":"https:\/\/seriprintserigrafia.com\/en\/wp-json\/wp\/v2\/product_brand?post=3370"},{"taxonomy":"product_cat","embeddable":true,"href":"https:\/\/seriprintserigrafia.com\/en\/wp-json\/wp\/v2\/product_cat?post=3370"},{"taxonomy":"product_tag","embeddable":true,"href":"https:\/\/seriprintserigrafia.com\/en\/wp-json\/wp\/v2\/product_tag?post=3370"}],"curies":[{"name":"wp","href":"https:\/\/api.w.org\/{rel}","templated":true}]}}