{"id":3355,"date":"2023-02-07T08:51:53","date_gmt":"2023-02-07T07:51:53","guid":{"rendered":"https:\/\/seriprintserigrafia.com\/?post_type=product&#038;p=3355"},"modified":"2023-12-21T10:53:47","modified_gmt":"2023-12-21T09:53:47","slug":"tote-bag-240grs","status":"publish","type":"product","link":"https:\/\/seriprintserigrafia.com\/en\/product\/tote-bag-240grs\/","title":{"rendered":"Tote Bag 240grs"},"content":{"rendered":"<p>&nbsp;<\/p>\n<p><strong>Tote Bag 240g: Ecological, Resistant and Sustainable Style.<\/strong><\/p>\n<p>We introduce our 240g Cotton Tote Bag, a conscious choice that combines functionality, style and sustainability. Made from 100% cotton, this long-handle bag offers exceptional strength and generous capacity to meet all your needs.<\/p>\n<p><strong>Key Features:<\/strong><\/p>\n<ul>\n<li class=\"translation-block\"><strong>Ecological Material:<\/strong> Made with 100% cotton of 240 grams, this Tote Bag is an environmentally friendly option. Help reduce the use of plastics and opt for a more sustainable lifestyle.<\/li>\n<li class=\"translation-block\"><strong>Long and Durable Handle:<\/strong> Designed with a long, durable handle, this bag fits comfortably on your shoulders, making it easy to transport even with heavy loads.<\/li>\n<li class=\"translation-block\"><strong>Customizable:<\/strong> Add your personal touch to the Tote Bag. It can be personalized with your design, logo or message, making it a unique style statement.<\/li>\n<li class=\"translation-block\"><strong>Reusable and Washable:<\/strong> Maximizes its useful life. This bag is not only reusable, but can also be easily washed, ensuring a long life of use.<\/li>\n<\/ul>\n<p><strong>Versatile Uses:<\/strong><\/p>\n<ul>\n<li>Ideal as a shopping bag to carry your products consciously.<\/li>\n<li>Perfect for carrying your daily essentials in style.<\/li>\n<li>An eco-friendly option for personalized gifts and events.<\/li>\n<\/ul>\n<p><strong>Measures:<\/strong><\/p>\n<ul>\n<li>Length: 38 cm.<\/li>\n<li>Height: 42 cm.<\/li>\n<\/ul>\n<p>Make a choice that makes a difference. With the 240g Tote Bag, you not only carry your belongings, you carry a commitment to sustainability.<\/p>\n<p>&nbsp;<\/p>","protected":false},"excerpt":{"rendered":"<p>Durable 240 gr cotton bag with sustainable style.<\/p>\n<p>Measurements: Length: 38 cm, Height: 42 cm.<\/p>","protected":false},"featured_media":3588,"comment_status":"closed","ping_status":"closed","template":"","meta":{"site-sidebar-layout":"default","site-content-layout":"default","ast-site-content-layout":"default","site-content-style":"default","site-sidebar-style":"default","ast-global-header-display":"","ast-banner-title-visibility":"","ast-main-header-display":"","ast-hfb-above-header-display":"","ast-hfb-below-header-display":"","ast-hfb-mobile-header-display":"","site-post-title":"","ast-breadcrumbs-content":"","ast-featured-img":"","footer-sml-layout":"","ast-disable-related-posts":"","theme-transparent-header-meta":"default","adv-header-id-meta":"","stick-header-meta":"default","header-above-stick-meta":"","header-main-stick-meta":"","header-below-stick-meta":"","astra-migrate-meta-layouts":"set","ast-page-background-enabled":"default","ast-page-background-meta":{"desktop":{"background-color":"","background-image":"","background-repeat":"repeat","background-position":"center center","background-size":"auto","background-attachment":"scroll","background-type":"","background-media":"","overlay-type":"","overlay-color":"","overlay-opacity":"","overlay-gradient":""},"tablet":{"background-color":"","background-image":"","background-repeat":"repeat","background-position":"center center","background-size":"auto","background-attachment":"scroll","background-type":"","background-media":"","overlay-type":"","overlay-color":"","overlay-opacity":"","overlay-gradient":""},"mobile":{"background-color":"","background-image":"","background-repeat":"repeat","background-position":"center center","background-size":"auto","background-attachment":"scroll","background-type":"","background-media":"","overlay-type":"","overlay-color":"","overlay-opacity":"","overlay-gradient":""}},"ast-content-background-meta":{"desktop":{"background-color":"var(--ast-global-color-5)","background-image":"","background-repeat":"repeat","background-position":"center center","background-size":"auto","background-attachment":"scroll","background-type":"","background-media":"","overlay-type":"","overlay-color":"","overlay-opacity":"","overlay-gradient":""},"tablet":{"background-color":"var(--ast-global-color-5)","background-image":"","background-repeat":"repeat","background-position":"center center","background-size":"auto","background-attachment":"scroll","background-type":"","background-media":"","overlay-type":"","overlay-color":"","overlay-opacity":"","overlay-gradient":""},"mobile":{"background-color":"var(--ast-global-color-5)","background-image":"","background-repeat":"repeat","background-position":"center center","background-size":"auto","background-attachment":"scroll","background-type":"","background-media":"","overlay-type":"","overlay-color":"","overlay-opacity":"","overlay-gradient":""}}},"product_brand":[],"product_cat":[42,77],"product_tag":[],"class_list":{"0":"post-3355","1":"product","2":"type-product","3":"status-publish","4":"has-post-thumbnail","6":"product_cat-algodon","7":"product_cat-bolsas","8":"desktop-align-center","9":"tablet-align-center","10":"mobile-align-center","11":"ast-product-gallery-layout-horizontal","12":"ast-product-gallery-with-no-image","13":"ast-product-single-variable","14":"ast-product-tabs-layout-horizontal","16":"first","17":"instock","18":"taxable","19":"shipping-taxable","20":"purchasable","21":"product-type-variable"},"yoast_head":"<!-- This site is optimized with the Yoast SEO Premium plugin v21.7 (Yoast SEO v27.4) - https:\/\/yoast.com\/product\/yoast-seo-premium-wordpress\/ -->\n<title>Tote Bag 240grs - Seriprint Serigraf\u00eda<\/title>\n<meta name=\"description\" content=\"Bolsa de algod\u00f3n 240 gramos.Personaliza tu bolsa con tu logo o dise\u00f1o personalizado con nuestra t\u00e9cnica de serigraf\u00eda.Precios baratos.Cons\u00faltanos\" \/>\n<meta name=\"robots\" content=\"index, follow, max-snippet:-1, max-image-preview:large, max-video-preview:-1\" \/>\n<link rel=\"canonical\" href=\"https:\/\/seriprintserigrafia.com\/en\/product\/tote-bag-240grs\/\" \/>\n<meta property=\"og:locale\" content=\"en_GB\" \/>\n<meta property=\"og:type\" content=\"article\" \/>\n<meta property=\"og:title\" content=\"Tote Bag 240grs\" \/>\n<meta property=\"og:description\" content=\"Bolsa de algod\u00f3n 240 gramos.Personaliza tu bolsa con tu logo o dise\u00f1o personalizado con nuestra t\u00e9cnica de serigraf\u00eda.Precios baratos.Cons\u00faltanos\" \/>\n<meta property=\"og:url\" content=\"https:\/\/seriprintserigrafia.com\/en\/product\/tote-bag-240grs\/\" \/>\n<meta property=\"og:site_name\" content=\"Seriprint Serigraf\u00eda\" \/>\n<meta property=\"article:publisher\" content=\"https:\/\/www.facebook.com\/bolsasdepapelbaratas\" \/>\n<meta property=\"article:modified_time\" content=\"2023-12-21T09:53:47+00:00\" \/>\n<meta property=\"og:image\" content=\"https:\/\/seriprintserigrafia.com\/wp-content\/uploads\/2023\/02\/tote-bag-240gr.webp\" \/>\n\t<meta property=\"og:image:width\" content=\"700\" \/>\n\t<meta property=\"og:image:height\" content=\"700\" \/>\n\t<meta property=\"og:image:type\" content=\"image\/webp\" \/>\n<meta name=\"twitter:card\" content=\"summary_large_image\" \/>\n<meta name=\"twitter:site\" content=\"@_Seriprint\" \/>\n<meta name=\"twitter:label1\" content=\"Availability\" \/>\n\t<meta name=\"twitter:data1\" content=\"In stock\" \/>\n<script type=\"application\/ld+json\" class=\"yoast-schema-graph\">{\"@context\":\"https:\\\/\\\/schema.org\",\"@graph\":[{\"@type\":\"WebPage\",\"@id\":\"https:\\\/\\\/seriprintserigrafia.com\\\/producto\\\/tote-bag-240grs\\\/\",\"url\":\"https:\\\/\\\/seriprintserigrafia.com\\\/producto\\\/tote-bag-240grs\\\/\",\"name\":\"Tote Bag 240grs - Seriprint Serigraf\u00eda\",\"isPartOf\":{\"@id\":\"https:\\\/\\\/seriprintserigrafia.com\\\/#website\"},\"primaryImageOfPage\":{\"@id\":\"https:\\\/\\\/seriprintserigrafia.com\\\/producto\\\/tote-bag-240grs\\\/#primaryimage\"},\"image\":{\"@id\":\"https:\\\/\\\/seriprintserigrafia.com\\\/producto\\\/tote-bag-240grs\\\/#primaryimage\"},\"thumbnailUrl\":\"https:\\\/\\\/seriprintserigrafia.com\\\/wp-content\\\/uploads\\\/2023\\\/02\\\/tote-bag-240gr.webp\",\"datePublished\":\"2023-02-07T07:51:53+00:00\",\"dateModified\":\"2023-12-21T09:53:47+00:00\",\"description\":\"Bolsa de algod\u00f3n 240 gramos.Personaliza tu bolsa con tu logo o dise\u00f1o personalizado con nuestra t\u00e9cnica de serigraf\u00eda.Precios baratos.Cons\u00faltanos\",\"breadcrumb\":{\"@id\":\"https:\\\/\\\/seriprintserigrafia.com\\\/producto\\\/tote-bag-240grs\\\/#breadcrumb\"},\"inLanguage\":\"en-GB\",\"potentialAction\":[{\"@type\":\"ReadAction\",\"target\":[\"https:\\\/\\\/seriprintserigrafia.com\\\/producto\\\/tote-bag-240grs\\\/\"]}]},{\"@type\":\"ImageObject\",\"inLanguage\":\"en-GB\",\"@id\":\"https:\\\/\\\/seriprintserigrafia.com\\\/producto\\\/tote-bag-240grs\\\/#primaryimage\",\"url\":\"https:\\\/\\\/seriprintserigrafia.com\\\/wp-content\\\/uploads\\\/2023\\\/02\\\/tote-bag-240gr.webp\",\"contentUrl\":\"https:\\\/\\\/seriprintserigrafia.com\\\/wp-content\\\/uploads\\\/2023\\\/02\\\/tote-bag-240gr.webp\",\"width\":700,\"height\":700,\"caption\":\"Bolsa de algod\u00f3n tote bag 240 gramos. 38 cm x 42 cm x 0\"},{\"@type\":\"BreadcrumbList\",\"@id\":\"https:\\\/\\\/seriprintserigrafia.com\\\/producto\\\/tote-bag-240grs\\\/#breadcrumb\",\"itemListElement\":[{\"@type\":\"ListItem\",\"position\":1,\"name\":\"Portada\",\"item\":\"https:\\\/\\\/seriprintserigrafia.com\\\/\"},{\"@type\":\"ListItem\",\"position\":2,\"name\":\"Bolsas\",\"item\":\"https:\\\/\\\/seriprintserigrafia.com\\\/en\\\/bolsas\\\/\"},{\"@type\":\"ListItem\",\"position\":3,\"name\":\"Tote Bag 240grs\"}]},{\"@type\":\"WebSite\",\"@id\":\"https:\\\/\\\/seriprintserigrafia.com\\\/#website\",\"url\":\"https:\\\/\\\/seriprintserigrafia.com\\\/\",\"name\":\"Seriprint Serigraf\u00eda\",\"description\":\"Las Mejores Ofertas en Bolsas\",\"publisher\":{\"@id\":\"https:\\\/\\\/seriprintserigrafia.com\\\/#organization\"},\"potentialAction\":[{\"@type\":\"SearchAction\",\"target\":{\"@type\":\"EntryPoint\",\"urlTemplate\":\"https:\\\/\\\/seriprintserigrafia.com\\\/?s={search_term_string}\"},\"query-input\":{\"@type\":\"PropertyValueSpecification\",\"valueRequired\":true,\"valueName\":\"search_term_string\"}}],\"inLanguage\":\"en-GB\"},{\"@type\":\"Organization\",\"@id\":\"https:\\\/\\\/seriprintserigrafia.com\\\/#organization\",\"name\":\"Seriprint Serigraf\u00eda S.L\",\"url\":\"https:\\\/\\\/seriprintserigrafia.com\\\/\",\"logo\":{\"@type\":\"ImageObject\",\"inLanguage\":\"en-GB\",\"@id\":\"https:\\\/\\\/seriprintserigrafia.com\\\/#\\\/schema\\\/logo\\\/image\\\/\",\"url\":\"https:\\\/\\\/seriprintserigrafia.com\\\/wp-content\\\/uploads\\\/2021\\\/02\\\/Logo-Seriprint-Serigrafia-Transparente.png\",\"contentUrl\":\"https:\\\/\\\/seriprintserigrafia.com\\\/wp-content\\\/uploads\\\/2021\\\/02\\\/Logo-Seriprint-Serigrafia-Transparente.png\",\"width\":594,\"height\":213,\"caption\":\"Seriprint Serigraf\u00eda S.L\"},\"image\":{\"@id\":\"https:\\\/\\\/seriprintserigrafia.com\\\/#\\\/schema\\\/logo\\\/image\\\/\"},\"sameAs\":[\"https:\\\/\\\/www.facebook.com\\\/bolsasdepapelbaratas\",\"https:\\\/\\\/x.com\\\/_Seriprint\",\"https:\\\/\\\/www.instagram.com\\\/seriprint_serigrafia_\\\/\"]}]}<\/script>\n<meta property=\"og:availability\" content=\"instock\" \/>\n<meta property=\"product:availability\" content=\"instock\" \/>\n<meta property=\"product:condition\" content=\"new\" \/>\n<!-- \/ Yoast SEO Premium plugin. -->","yoast_head_json":{"title":"Tote Bag 240grs - Seriprint Serigraf\u00eda","description":"Bolsa de algod\u00f3n 240 gramos.Personaliza tu bolsa con tu logo o dise\u00f1o personalizado con nuestra t\u00e9cnica de serigraf\u00eda.Precios baratos.Cons\u00faltanos","robots":{"index":"index","follow":"follow","max-snippet":"max-snippet:-1","max-image-preview":"max-image-preview:large","max-video-preview":"max-video-preview:-1"},"canonical":"https:\/\/seriprintserigrafia.com\/en\/product\/tote-bag-240grs\/","og_locale":"en_GB","og_type":"article","og_title":"Tote Bag 240grs","og_description":"Bolsa de algod\u00f3n 240 gramos.Personaliza tu bolsa con tu logo o dise\u00f1o personalizado con nuestra t\u00e9cnica de serigraf\u00eda.Precios baratos.Cons\u00faltanos","og_url":"https:\/\/seriprintserigrafia.com\/en\/product\/tote-bag-240grs\/","og_site_name":"Seriprint Serigraf\u00eda","article_publisher":"https:\/\/www.facebook.com\/bolsasdepapelbaratas","article_modified_time":"2023-12-21T09:53:47+00:00","og_image":[{"width":700,"height":700,"url":"https:\/\/seriprintserigrafia.com\/wp-content\/uploads\/2023\/02\/tote-bag-240gr.webp","type":"image\/webp"}],"twitter_card":"summary_large_image","twitter_site":"@_Seriprint","twitter_misc":{"Availability":"In stock"},"schema":{"@context":"https:\/\/schema.org","@graph":[{"@type":"WebPage","@id":"https:\/\/seriprintserigrafia.com\/producto\/tote-bag-240grs\/","url":"https:\/\/seriprintserigrafia.com\/producto\/tote-bag-240grs\/","name":"Tote Bag 240grs - Seriprint Serigraf\u00eda","isPartOf":{"@id":"https:\/\/seriprintserigrafia.com\/#website"},"primaryImageOfPage":{"@id":"https:\/\/seriprintserigrafia.com\/producto\/tote-bag-240grs\/#primaryimage"},"image":{"@id":"https:\/\/seriprintserigrafia.com\/producto\/tote-bag-240grs\/#primaryimage"},"thumbnailUrl":"https:\/\/seriprintserigrafia.com\/wp-content\/uploads\/2023\/02\/tote-bag-240gr.webp","datePublished":"2023-02-07T07:51:53+00:00","dateModified":"2023-12-21T09:53:47+00:00","description":"Bolsa de algod\u00f3n 240 gramos.Personaliza tu bolsa con tu logo o dise\u00f1o personalizado con nuestra t\u00e9cnica de serigraf\u00eda.Precios baratos.Cons\u00faltanos","breadcrumb":{"@id":"https:\/\/seriprintserigrafia.com\/producto\/tote-bag-240grs\/#breadcrumb"},"inLanguage":"en-GB","potentialAction":[{"@type":"ReadAction","target":["https:\/\/seriprintserigrafia.com\/producto\/tote-bag-240grs\/"]}]},{"@type":"ImageObject","inLanguage":"en-GB","@id":"https:\/\/seriprintserigrafia.com\/producto\/tote-bag-240grs\/#primaryimage","url":"https:\/\/seriprintserigrafia.com\/wp-content\/uploads\/2023\/02\/tote-bag-240gr.webp","contentUrl":"https:\/\/seriprintserigrafia.com\/wp-content\/uploads\/2023\/02\/tote-bag-240gr.webp","width":700,"height":700,"caption":"Bolsa de algod\u00f3n tote bag 240 gramos. 38 cm x 42 cm x 0"},{"@type":"BreadcrumbList","@id":"https:\/\/seriprintserigrafia.com\/producto\/tote-bag-240grs\/#breadcrumb","itemListElement":[{"@type":"ListItem","position":1,"name":"Portada","item":"https:\/\/seriprintserigrafia.com\/"},{"@type":"ListItem","position":2,"name":"Bolsas","item":"https:\/\/seriprintserigrafia.com\/en\/bolsas\/"},{"@type":"ListItem","position":3,"name":"Tote Bag 240grs"}]},{"@type":"WebSite","@id":"https:\/\/seriprintserigrafia.com\/#website","url":"https:\/\/seriprintserigrafia.com\/","name":"Seriprint Serigraf\u00eda","description":"The Best Offers on Bags","publisher":{"@id":"https:\/\/seriprintserigrafia.com\/#organization"},"potentialAction":[{"@type":"SearchAction","target":{"@type":"EntryPoint","urlTemplate":"https:\/\/seriprintserigrafia.com\/?s={search_term_string}"},"query-input":{"@type":"PropertyValueSpecification","valueRequired":true,"valueName":"search_term_string"}}],"inLanguage":"en-GB"},{"@type":"Organization","@id":"https:\/\/seriprintserigrafia.com\/#organization","name":"Seriprint Serigraf\u00eda S.L","url":"https:\/\/seriprintserigrafia.com\/","logo":{"@type":"ImageObject","inLanguage":"en-GB","@id":"https:\/\/seriprintserigrafia.com\/#\/schema\/logo\/image\/","url":"https:\/\/seriprintserigrafia.com\/wp-content\/uploads\/2021\/02\/Logo-Seriprint-Serigrafia-Transparente.png","contentUrl":"https:\/\/seriprintserigrafia.com\/wp-content\/uploads\/2021\/02\/Logo-Seriprint-Serigrafia-Transparente.png","width":594,"height":213,"caption":"Seriprint Serigraf\u00eda S.L"},"image":{"@id":"https:\/\/seriprintserigrafia.com\/#\/schema\/logo\/image\/"},"sameAs":["https:\/\/www.facebook.com\/bolsasdepapelbaratas","https:\/\/x.com\/_Seriprint","https:\/\/www.instagram.com\/seriprint_serigrafia_\/"]}]},"og_availability":"instock","product_availability":"instock","product_condition":"new"},"_links":{"self":[{"href":"https:\/\/seriprintserigrafia.com\/en\/wp-json\/wp\/v2\/product\/3355","targetHints":{"allow":["GET"]}}],"collection":[{"href":"https:\/\/seriprintserigrafia.com\/en\/wp-json\/wp\/v2\/product"}],"about":[{"href":"https:\/\/seriprintserigrafia.com\/en\/wp-json\/wp\/v2\/types\/product"}],"replies":[{"embeddable":true,"href":"https:\/\/seriprintserigrafia.com\/en\/wp-json\/wp\/v2\/comments?post=3355"}],"wp:featuredmedia":[{"embeddable":true,"href":"https:\/\/seriprintserigrafia.com\/en\/wp-json\/wp\/v2\/media\/3588"}],"wp:attachment":[{"href":"https:\/\/seriprintserigrafia.com\/en\/wp-json\/wp\/v2\/media?parent=3355"}],"wp:term":[{"taxonomy":"product_brand","embeddable":true,"href":"https:\/\/seriprintserigrafia.com\/en\/wp-json\/wp\/v2\/product_brand?post=3355"},{"taxonomy":"product_cat","embeddable":true,"href":"https:\/\/seriprintserigrafia.com\/en\/wp-json\/wp\/v2\/product_cat?post=3355"},{"taxonomy":"product_tag","embeddable":true,"href":"https:\/\/seriprintserigrafia.com\/en\/wp-json\/wp\/v2\/product_tag?post=3355"}],"curies":[{"name":"wp","href":"https:\/\/api.w.org\/{rel}","templated":true}]}}