{"id":3330,"date":"2023-02-07T08:24:03","date_gmt":"2023-02-07T07:24:03","guid":{"rendered":"https:\/\/seriprintserigrafia.com\/?post_type=product&#038;p=3330"},"modified":"2023-11-28T10:41:43","modified_gmt":"2023-11-28T09:41:43","slug":"bolsa-nylon-kima","status":"publish","type":"product","link":"https:\/\/seriprintserigrafia.com\/en\/product\/bolsa-nylon-kima\/","title":{"rendered":"Kima Nylon Bag"},"content":{"rendered":"<p><strong>Foldable Nylon Bag: Your Daily and Sustainable Companion<\/strong><\/p>\n<p>Discover the versatility and resistance of our Foldable Nylon Bag, designed to accompany you in your daily life. Made from durable nylon, this reusable bag is the perfect option for those looking for practicality without compromising style.<\/p>\n<p><strong>Featured Features:<\/strong><\/p>\n<ul>\n<li class=\"translation-block\"><strong>Daily Strength:<\/strong> Made from high-quality nylon, this bag is not only lightweight and easy to carry, but is also durable to accommodate your daily needs.<\/li>\n<li class=\"translation-block\"><strong>Foldable and Compact:<\/strong> Limited space? No problem. This bag easily folds to a compact size of 40 x 37 x 6 cm, making it the perfect companion to always carry with you.<\/li>\n<li class=\"translation-block\"><strong>Customization to Your Style:<\/strong> Choose from a variety of colors and personalize the bag with your logo or design. You not only get functionality, but also the opportunity to promote your brand in an elegant way.<\/li>\n<li class=\"translation-block\"><strong>Special Offer:<\/strong> Take advantage of our unit discount! The more units you purchase, the greater your savings will be. If you require larger quantities, please do not hesitate to contact us for a personalized offer.<\/li>\n<\/ul>\n<p><strong>Measures:<\/strong><\/p>\n<ul>\n<li>Heigth: 45 cm.<\/li>\n<li>Width: 37cm<\/li>\n<li>Length<\/li>\n<\/ul>\n<p>Opt for sustainability without giving up style. Our foldable nylon bag is the smart choice for those looking for comfort, durability and a personal touch.<\/p>\n<p>Place your order today and carry practicality with style with you!<\/p>","protected":false},"excerpt":{"rendered":"<p>Multipurpose folding nylon bag.<\/p>\n<p class=\"translation-block\"><strong>Measurements: <\/strong>Height: 40 cm, Width: 37 cm, length: 6 cm<\/p>\n<p>&nbsp;<\/p>","protected":false},"featured_media":3579,"comment_status":"closed","ping_status":"closed","template":"","meta":{"site-sidebar-layout":"default","site-content-layout":"default","ast-site-content-layout":"default","site-content-style":"default","site-sidebar-style":"default","ast-global-header-display":"","ast-banner-title-visibility":"","ast-main-header-display":"","ast-hfb-above-header-display":"","ast-hfb-below-header-display":"","ast-hfb-mobile-header-display":"","site-post-title":"","ast-breadcrumbs-content":"","ast-featured-img":"","footer-sml-layout":"","ast-disable-related-posts":"","theme-transparent-header-meta":"default","adv-header-id-meta":"","stick-header-meta":"default","header-above-stick-meta":"","header-main-stick-meta":"","header-below-stick-meta":"","astra-migrate-meta-layouts":"set","ast-page-background-enabled":"default","ast-page-background-meta":{"desktop":{"background-color":"","background-image":"","background-repeat":"repeat","background-position":"center center","background-size":"auto","background-attachment":"scroll","background-type":"","background-media":"","overlay-type":"","overlay-color":"","overlay-opacity":"","overlay-gradient":""},"tablet":{"background-color":"","background-image":"","background-repeat":"repeat","background-position":"center center","background-size":"auto","background-attachment":"scroll","background-type":"","background-media":"","overlay-type":"","overlay-color":"","overlay-opacity":"","overlay-gradient":""},"mobile":{"background-color":"","background-image":"","background-repeat":"repeat","background-position":"center center","background-size":"auto","background-attachment":"scroll","background-type":"","background-media":"","overlay-type":"","overlay-color":"","overlay-opacity":"","overlay-gradient":""}},"ast-content-background-meta":{"desktop":{"background-color":"var(--ast-global-color-5)","background-image":"","background-repeat":"repeat","background-position":"center center","background-size":"auto","background-attachment":"scroll","background-type":"","background-media":"","overlay-type":"","overlay-color":"","overlay-opacity":"","overlay-gradient":""},"tablet":{"background-color":"var(--ast-global-color-5)","background-image":"","background-repeat":"repeat","background-position":"center center","background-size":"auto","background-attachment":"scroll","background-type":"","background-media":"","overlay-type":"","overlay-color":"","overlay-opacity":"","overlay-gradient":""},"mobile":{"background-color":"var(--ast-global-color-5)","background-image":"","background-repeat":"repeat","background-position":"center center","background-size":"auto","background-attachment":"scroll","background-type":"","background-media":"","overlay-type":"","overlay-color":"","overlay-opacity":"","overlay-gradient":""}}},"product_brand":[],"product_cat":[77,43],"product_tag":[],"class_list":{"0":"post-3330","1":"product","2":"type-product","3":"status-publish","4":"has-post-thumbnail","6":"product_cat-bolsas","7":"product_cat-nylon","8":"desktop-align-center","9":"tablet-align-center","10":"mobile-align-center","11":"ast-product-gallery-layout-horizontal","12":"ast-product-gallery-with-no-image","13":"ast-product-single-variable","14":"ast-product-tabs-layout-horizontal","16":"first","17":"instock","18":"taxable","19":"shipping-taxable","20":"purchasable","21":"product-type-variable"},"yoast_head":"<!-- This site is optimized with the Yoast SEO Premium plugin v21.7 (Yoast SEO v27.4) - https:\/\/yoast.com\/product\/yoast-seo-premium-wordpress\/ -->\n<title>Bolsa Nylon Kima - Seriprint Serigraf\u00eda<\/title>\n<meta name=\"description\" content=\"Bolsa plegable de nylon multiusos de varios colores personalizable econ\u00f3micas.Serigraf\u00eda tu logo o dise\u00f1o al mejor precio.\" \/>\n<meta name=\"robots\" content=\"index, follow, max-snippet:-1, max-image-preview:large, max-video-preview:-1\" \/>\n<link rel=\"canonical\" href=\"https:\/\/seriprintserigrafia.com\/en\/product\/bolsa-nylon-kima\/\" \/>\n<meta property=\"og:locale\" content=\"en_GB\" \/>\n<meta property=\"og:type\" content=\"article\" \/>\n<meta property=\"og:title\" content=\"Bolsa Nylon Kima\" \/>\n<meta property=\"og:description\" content=\"Bolsa plegable de nylon multiusos de varios colores personalizable econ\u00f3micas.Serigraf\u00eda tu logo o dise\u00f1o al mejor precio.\" \/>\n<meta property=\"og:url\" content=\"https:\/\/seriprintserigrafia.com\/en\/product\/bolsa-nylon-kima\/\" \/>\n<meta property=\"og:site_name\" content=\"Seriprint Serigraf\u00eda\" \/>\n<meta property=\"article:publisher\" content=\"https:\/\/www.facebook.com\/bolsasdepapelbaratas\" \/>\n<meta property=\"article:modified_time\" content=\"2023-11-28T09:41:43+00:00\" \/>\n<meta property=\"og:image\" content=\"https:\/\/seriprintserigrafia.com\/wp-content\/uploads\/2023\/02\/bolsa-nylon-kima.webp\" \/>\n\t<meta property=\"og:image:width\" content=\"350\" \/>\n\t<meta property=\"og:image:height\" content=\"350\" \/>\n\t<meta property=\"og:image:type\" content=\"image\/webp\" \/>\n<meta name=\"twitter:card\" content=\"summary_large_image\" \/>\n<meta name=\"twitter:site\" content=\"@_Seriprint\" \/>\n<meta name=\"twitter:label1\" content=\"Availability\" \/>\n\t<meta name=\"twitter:data1\" content=\"In stock\" \/>\n<script type=\"application\/ld+json\" class=\"yoast-schema-graph\">{\"@context\":\"https:\\\/\\\/schema.org\",\"@graph\":[{\"@type\":\"WebPage\",\"@id\":\"https:\\\/\\\/seriprintserigrafia.com\\\/producto\\\/bolsa-nylon-kima\\\/\",\"url\":\"https:\\\/\\\/seriprintserigrafia.com\\\/producto\\\/bolsa-nylon-kima\\\/\",\"name\":\"Bolsa Nylon Kima - Seriprint Serigraf\u00eda\",\"isPartOf\":{\"@id\":\"https:\\\/\\\/seriprintserigrafia.com\\\/#website\"},\"primaryImageOfPage\":{\"@id\":\"https:\\\/\\\/seriprintserigrafia.com\\\/producto\\\/bolsa-nylon-kima\\\/#primaryimage\"},\"image\":{\"@id\":\"https:\\\/\\\/seriprintserigrafia.com\\\/producto\\\/bolsa-nylon-kima\\\/#primaryimage\"},\"thumbnailUrl\":\"https:\\\/\\\/seriprintserigrafia.com\\\/wp-content\\\/uploads\\\/2023\\\/02\\\/bolsa-nylon-kima.webp\",\"datePublished\":\"2023-02-07T07:24:03+00:00\",\"dateModified\":\"2023-11-28T09:41:43+00:00\",\"description\":\"Bolsa plegable de nylon multiusos de varios colores personalizable econ\u00f3micas.Serigraf\u00eda tu logo o dise\u00f1o al mejor precio.\",\"breadcrumb\":{\"@id\":\"https:\\\/\\\/seriprintserigrafia.com\\\/producto\\\/bolsa-nylon-kima\\\/#breadcrumb\"},\"inLanguage\":\"en-GB\",\"potentialAction\":[{\"@type\":\"ReadAction\",\"target\":[\"https:\\\/\\\/seriprintserigrafia.com\\\/producto\\\/bolsa-nylon-kima\\\/\"]}]},{\"@type\":\"ImageObject\",\"inLanguage\":\"en-GB\",\"@id\":\"https:\\\/\\\/seriprintserigrafia.com\\\/producto\\\/bolsa-nylon-kima\\\/#primaryimage\",\"url\":\"https:\\\/\\\/seriprintserigrafia.com\\\/wp-content\\\/uploads\\\/2023\\\/02\\\/bolsa-nylon-kima.webp\",\"contentUrl\":\"https:\\\/\\\/seriprintserigrafia.com\\\/wp-content\\\/uploads\\\/2023\\\/02\\\/bolsa-nylon-kima.webp\",\"width\":350,\"height\":350,\"caption\":\"Bolsa de nylon Multiuso plegable modelo kima para llevar a cualquier parte y cualquier lugar por su peque\u00f1o tama\u00f1o al estar plegada.\"},{\"@type\":\"BreadcrumbList\",\"@id\":\"https:\\\/\\\/seriprintserigrafia.com\\\/producto\\\/bolsa-nylon-kima\\\/#breadcrumb\",\"itemListElement\":[{\"@type\":\"ListItem\",\"position\":1,\"name\":\"Portada\",\"item\":\"https:\\\/\\\/seriprintserigrafia.com\\\/\"},{\"@type\":\"ListItem\",\"position\":2,\"name\":\"Bolsas\",\"item\":\"https:\\\/\\\/seriprintserigrafia.com\\\/en\\\/bolsas\\\/\"},{\"@type\":\"ListItem\",\"position\":3,\"name\":\"Bolsa Nylon Kima\"}]},{\"@type\":\"WebSite\",\"@id\":\"https:\\\/\\\/seriprintserigrafia.com\\\/#website\",\"url\":\"https:\\\/\\\/seriprintserigrafia.com\\\/\",\"name\":\"Seriprint Serigraf\u00eda\",\"description\":\"Las Mejores Ofertas en Bolsas\",\"publisher\":{\"@id\":\"https:\\\/\\\/seriprintserigrafia.com\\\/#organization\"},\"potentialAction\":[{\"@type\":\"SearchAction\",\"target\":{\"@type\":\"EntryPoint\",\"urlTemplate\":\"https:\\\/\\\/seriprintserigrafia.com\\\/?s={search_term_string}\"},\"query-input\":{\"@type\":\"PropertyValueSpecification\",\"valueRequired\":true,\"valueName\":\"search_term_string\"}}],\"inLanguage\":\"en-GB\"},{\"@type\":\"Organization\",\"@id\":\"https:\\\/\\\/seriprintserigrafia.com\\\/#organization\",\"name\":\"Seriprint Serigraf\u00eda S.L\",\"url\":\"https:\\\/\\\/seriprintserigrafia.com\\\/\",\"logo\":{\"@type\":\"ImageObject\",\"inLanguage\":\"en-GB\",\"@id\":\"https:\\\/\\\/seriprintserigrafia.com\\\/#\\\/schema\\\/logo\\\/image\\\/\",\"url\":\"https:\\\/\\\/seriprintserigrafia.com\\\/wp-content\\\/uploads\\\/2021\\\/02\\\/Logo-Seriprint-Serigrafia-Transparente.png\",\"contentUrl\":\"https:\\\/\\\/seriprintserigrafia.com\\\/wp-content\\\/uploads\\\/2021\\\/02\\\/Logo-Seriprint-Serigrafia-Transparente.png\",\"width\":594,\"height\":213,\"caption\":\"Seriprint Serigraf\u00eda S.L\"},\"image\":{\"@id\":\"https:\\\/\\\/seriprintserigrafia.com\\\/#\\\/schema\\\/logo\\\/image\\\/\"},\"sameAs\":[\"https:\\\/\\\/www.facebook.com\\\/bolsasdepapelbaratas\",\"https:\\\/\\\/x.com\\\/_Seriprint\",\"https:\\\/\\\/www.instagram.com\\\/seriprint_serigrafia_\\\/\"]}]}<\/script>\n<meta property=\"og:availability\" content=\"instock\" \/>\n<meta property=\"product:availability\" content=\"instock\" \/>\n<meta property=\"product:condition\" content=\"new\" \/>\n<!-- \/ Yoast SEO Premium plugin. -->","yoast_head_json":{"title":"Bolsa Nylon Kima - Seriprint Serigraf\u00eda","description":"Multi-purpose folding nylon bag in various economical customizable colors. Screen print your logo or design at the best price.","robots":{"index":"index","follow":"follow","max-snippet":"max-snippet:-1","max-image-preview":"max-image-preview:large","max-video-preview":"max-video-preview:-1"},"canonical":"https:\/\/seriprintserigrafia.com\/en\/product\/bolsa-nylon-kima\/","og_locale":"en_GB","og_type":"article","og_title":"Bolsa Nylon Kima","og_description":"Bolsa plegable de nylon multiusos de varios colores personalizable econ\u00f3micas.Serigraf\u00eda tu logo o dise\u00f1o al mejor precio.","og_url":"https:\/\/seriprintserigrafia.com\/en\/product\/bolsa-nylon-kima\/","og_site_name":"Seriprint Serigraf\u00eda","article_publisher":"https:\/\/www.facebook.com\/bolsasdepapelbaratas","article_modified_time":"2023-11-28T09:41:43+00:00","og_image":[{"width":350,"height":350,"url":"https:\/\/seriprintserigrafia.com\/wp-content\/uploads\/2023\/02\/bolsa-nylon-kima.webp","type":"image\/webp"}],"twitter_card":"summary_large_image","twitter_site":"@_Seriprint","twitter_misc":{"Availability":"In stock"},"schema":{"@context":"https:\/\/schema.org","@graph":[{"@type":"WebPage","@id":"https:\/\/seriprintserigrafia.com\/producto\/bolsa-nylon-kima\/","url":"https:\/\/seriprintserigrafia.com\/producto\/bolsa-nylon-kima\/","name":"Bolsa Nylon Kima - Seriprint Serigraf\u00eda","isPartOf":{"@id":"https:\/\/seriprintserigrafia.com\/#website"},"primaryImageOfPage":{"@id":"https:\/\/seriprintserigrafia.com\/producto\/bolsa-nylon-kima\/#primaryimage"},"image":{"@id":"https:\/\/seriprintserigrafia.com\/producto\/bolsa-nylon-kima\/#primaryimage"},"thumbnailUrl":"https:\/\/seriprintserigrafia.com\/wp-content\/uploads\/2023\/02\/bolsa-nylon-kima.webp","datePublished":"2023-02-07T07:24:03+00:00","dateModified":"2023-11-28T09:41:43+00:00","description":"Multi-purpose folding nylon bag in various economical customizable colors. Screen print your logo or design at the best price.","breadcrumb":{"@id":"https:\/\/seriprintserigrafia.com\/producto\/bolsa-nylon-kima\/#breadcrumb"},"inLanguage":"en-GB","potentialAction":[{"@type":"ReadAction","target":["https:\/\/seriprintserigrafia.com\/producto\/bolsa-nylon-kima\/"]}]},{"@type":"ImageObject","inLanguage":"en-GB","@id":"https:\/\/seriprintserigrafia.com\/producto\/bolsa-nylon-kima\/#primaryimage","url":"https:\/\/seriprintserigrafia.com\/wp-content\/uploads\/2023\/02\/bolsa-nylon-kima.webp","contentUrl":"https:\/\/seriprintserigrafia.com\/wp-content\/uploads\/2023\/02\/bolsa-nylon-kima.webp","width":350,"height":350,"caption":"Bolsa de nylon Multiuso plegable modelo kima para llevar a cualquier parte y cualquier lugar por su peque\u00f1o tama\u00f1o al estar plegada."},{"@type":"BreadcrumbList","@id":"https:\/\/seriprintserigrafia.com\/producto\/bolsa-nylon-kima\/#breadcrumb","itemListElement":[{"@type":"ListItem","position":1,"name":"Portada","item":"https:\/\/seriprintserigrafia.com\/"},{"@type":"ListItem","position":2,"name":"Bolsas","item":"https:\/\/seriprintserigrafia.com\/en\/bolsas\/"},{"@type":"ListItem","position":3,"name":"Bolsa Nylon Kima"}]},{"@type":"WebSite","@id":"https:\/\/seriprintserigrafia.com\/#website","url":"https:\/\/seriprintserigrafia.com\/","name":"Seriprint Serigraf\u00eda","description":"The Best Offers on Bags","publisher":{"@id":"https:\/\/seriprintserigrafia.com\/#organization"},"potentialAction":[{"@type":"SearchAction","target":{"@type":"EntryPoint","urlTemplate":"https:\/\/seriprintserigrafia.com\/?s={search_term_string}"},"query-input":{"@type":"PropertyValueSpecification","valueRequired":true,"valueName":"search_term_string"}}],"inLanguage":"en-GB"},{"@type":"Organization","@id":"https:\/\/seriprintserigrafia.com\/#organization","name":"Seriprint Serigraf\u00eda S.L","url":"https:\/\/seriprintserigrafia.com\/","logo":{"@type":"ImageObject","inLanguage":"en-GB","@id":"https:\/\/seriprintserigrafia.com\/#\/schema\/logo\/image\/","url":"https:\/\/seriprintserigrafia.com\/wp-content\/uploads\/2021\/02\/Logo-Seriprint-Serigrafia-Transparente.png","contentUrl":"https:\/\/seriprintserigrafia.com\/wp-content\/uploads\/2021\/02\/Logo-Seriprint-Serigrafia-Transparente.png","width":594,"height":213,"caption":"Seriprint Serigraf\u00eda S.L"},"image":{"@id":"https:\/\/seriprintserigrafia.com\/#\/schema\/logo\/image\/"},"sameAs":["https:\/\/www.facebook.com\/bolsasdepapelbaratas","https:\/\/x.com\/_Seriprint","https:\/\/www.instagram.com\/seriprint_serigrafia_\/"]}]},"og_availability":"instock","product_availability":"instock","product_condition":"new"},"_links":{"self":[{"href":"https:\/\/seriprintserigrafia.com\/en\/wp-json\/wp\/v2\/product\/3330","targetHints":{"allow":["GET"]}}],"collection":[{"href":"https:\/\/seriprintserigrafia.com\/en\/wp-json\/wp\/v2\/product"}],"about":[{"href":"https:\/\/seriprintserigrafia.com\/en\/wp-json\/wp\/v2\/types\/product"}],"replies":[{"embeddable":true,"href":"https:\/\/seriprintserigrafia.com\/en\/wp-json\/wp\/v2\/comments?post=3330"}],"wp:featuredmedia":[{"embeddable":true,"href":"https:\/\/seriprintserigrafia.com\/en\/wp-json\/wp\/v2\/media\/3579"}],"wp:attachment":[{"href":"https:\/\/seriprintserigrafia.com\/en\/wp-json\/wp\/v2\/media?parent=3330"}],"wp:term":[{"taxonomy":"product_brand","embeddable":true,"href":"https:\/\/seriprintserigrafia.com\/en\/wp-json\/wp\/v2\/product_brand?post=3330"},{"taxonomy":"product_cat","embeddable":true,"href":"https:\/\/seriprintserigrafia.com\/en\/wp-json\/wp\/v2\/product_cat?post=3330"},{"taxonomy":"product_tag","embeddable":true,"href":"https:\/\/seriprintserigrafia.com\/en\/wp-json\/wp\/v2\/product_tag?post=3330"}],"curies":[{"name":"wp","href":"https:\/\/api.w.org\/{rel}","templated":true}]}}