{"id":3290,"date":"2023-02-06T11:26:20","date_gmt":"2023-02-06T10:26:20","guid":{"rendered":"https:\/\/seriprintserigrafia.com\/?post_type=product&#038;p=3290"},"modified":"2023-11-29T14:29:46","modified_gmt":"2023-11-29T13:29:46","slug":"bolsa-algodon-y-jute","status":"publish","type":"product","link":"https:\/\/seriprintserigrafia.com\/en\/product\/bolsa-algodon-y-jute\/","title":{"rendered":"Cotton and Jute Bag"},"content":{"rendered":"<p>&nbsp;<\/p>\n<p><strong>One Bottle Bag: Eco-Friendly Style with a Personal Touch.<\/strong><\/p>\n<p>Discover the perfect combination of style and sustainability with our Cotton and Jute Bottle Bag. Made with natural materials and a drawstring closure, this bag offers a unique presentation for your favorite bottles.<\/p>\n<p><strong>Featured Features:<\/strong><\/p>\n<ul>\n<li class=\"translation-block\"><strong>Eco-Friendly Materials:<\/strong> Made from a cotton and jute blend, this bag is not only stylish, but also environmentally friendly, highlighting your commitment to sustainability.<\/li>\n<li class=\"translation-block\"><strong>Drawstring Closure:<\/strong> Adds a unique touch to every gift.<\/li>\n<li><strong>Perfect Measurements:<\/strong>\n<ul>\n<li>Height: 34 cm.<\/li>\n<li>Width: 7 cm.<\/li>\n<li>Bellows.<\/li>\n<\/ul>\n<\/li>\n<\/ul>\n<p><strong>Versatile Uses:<\/strong><\/p>\n<ul>\n<li>Ideal for gifts of wine, liquor or other special bottles.<\/li>\n<li>Perfect for transporting or presenting your drinks with a distinctive and unique touch with your logo or design.<\/li>\n<\/ul>\n<p><strong>Natural and Sustainable Style:<\/strong><\/p>\n<ul>\n<li>The combination of cotton and jute provides a rustic and fashionable look.<\/li>\n<li>Highlight your appreciation for quality and respect for the environment.<\/li>\n<\/ul>\n<p>Opt for the Cotton and Jute Bottle Bag adding an ecological and personalized touch to your gifts or presentations. Make each bottle an unforgettable gift!<\/p>\n<hr \/>","protected":false},"excerpt":{"rendered":"<p>Customizable cotton and jute bag with drawstring closure.<\/p>","protected":false},"featured_media":3237,"comment_status":"closed","ping_status":"closed","template":"","meta":{"site-sidebar-layout":"default","site-content-layout":"default","ast-site-content-layout":"default","site-content-style":"default","site-sidebar-style":"default","ast-global-header-display":"","ast-banner-title-visibility":"","ast-main-header-display":"","ast-hfb-above-header-display":"","ast-hfb-below-header-display":"","ast-hfb-mobile-header-display":"","site-post-title":"","ast-breadcrumbs-content":"","ast-featured-img":"","footer-sml-layout":"","ast-disable-related-posts":"","theme-transparent-header-meta":"default","adv-header-id-meta":"","stick-header-meta":"default","header-above-stick-meta":"","header-main-stick-meta":"","header-below-stick-meta":"","astra-migrate-meta-layouts":"set","ast-page-background-enabled":"default","ast-page-background-meta":{"desktop":{"background-color":"","background-image":"","background-repeat":"repeat","background-position":"center center","background-size":"auto","background-attachment":"scroll","background-type":"","background-media":"","overlay-type":"","overlay-color":"","overlay-opacity":"","overlay-gradient":""},"tablet":{"background-color":"","background-image":"","background-repeat":"repeat","background-position":"center center","background-size":"auto","background-attachment":"scroll","background-type":"","background-media":"","overlay-type":"","overlay-color":"","overlay-opacity":"","overlay-gradient":""},"mobile":{"background-color":"","background-image":"","background-repeat":"repeat","background-position":"center center","background-size":"auto","background-attachment":"scroll","background-type":"","background-media":"","overlay-type":"","overlay-color":"","overlay-opacity":"","overlay-gradient":""}},"ast-content-background-meta":{"desktop":{"background-color":"var(--ast-global-color-5)","background-image":"","background-repeat":"repeat","background-position":"center center","background-size":"auto","background-attachment":"scroll","background-type":"","background-media":"","overlay-type":"","overlay-color":"","overlay-opacity":"","overlay-gradient":""},"tablet":{"background-color":"var(--ast-global-color-5)","background-image":"","background-repeat":"repeat","background-position":"center center","background-size":"auto","background-attachment":"scroll","background-type":"","background-media":"","overlay-type":"","overlay-color":"","overlay-opacity":"","overlay-gradient":""},"mobile":{"background-color":"var(--ast-global-color-5)","background-image":"","background-repeat":"repeat","background-position":"center center","background-size":"auto","background-attachment":"scroll","background-type":"","background-media":"","overlay-type":"","overlay-color":"","overlay-opacity":"","overlay-gradient":""}}},"product_brand":[],"product_cat":[42,86],"product_tag":[],"class_list":{"0":"post-3290","1":"product","2":"type-product","3":"status-publish","4":"has-post-thumbnail","6":"product_cat-algodon","7":"product_cat-bolsas-para-vinos","8":"desktop-align-center","9":"tablet-align-center","10":"mobile-align-center","11":"ast-product-gallery-layout-horizontal","12":"ast-product-gallery-with-no-image","13":"ast-product-single-variable","14":"ast-product-tabs-layout-horizontal","16":"first","17":"instock","18":"taxable","19":"shipping-taxable","20":"purchasable","21":"product-type-variable"},"yoast_head":"<!-- This site is optimized with the Yoast SEO Premium plugin v21.7 (Yoast SEO v27.4) - https:\/\/yoast.com\/product\/yoast-seo-premium-wordpress\/ -->\n<title>Bolsa Algod\u00f3n y Jute - Seriprint Serigraf\u00eda<\/title>\n<meta name=\"description\" content=\"Bolsa de Algod\u00f3n y Jute para una botella personalizable con tu logo o dise\u00f1o. da una buena impresi\u00f3n con esta maravillosa bolsa ecol\u00f3gica y reciclable.\" \/>\n<meta name=\"robots\" content=\"index, follow, max-snippet:-1, max-image-preview:large, max-video-preview:-1\" \/>\n<link rel=\"canonical\" href=\"https:\/\/seriprintserigrafia.com\/en\/product\/bolsa-algodon-y-jute\/\" \/>\n<meta property=\"og:locale\" content=\"en_GB\" \/>\n<meta property=\"og:type\" content=\"article\" \/>\n<meta property=\"og:title\" content=\"Bolsa Algod\u00f3n y Jute\" \/>\n<meta property=\"og:description\" content=\"Bolsa de Algod\u00f3n y Jute para una botella personalizable con tu logo o dise\u00f1o. da una buena impresi\u00f3n con esta maravillosa bolsa ecol\u00f3gica y reciclable.\" \/>\n<meta property=\"og:url\" content=\"https:\/\/seriprintserigrafia.com\/en\/product\/bolsa-algodon-y-jute\/\" \/>\n<meta property=\"og:site_name\" content=\"Seriprint Serigraf\u00eda\" \/>\n<meta property=\"article:publisher\" content=\"https:\/\/www.facebook.com\/bolsasdepapelbaratas\" \/>\n<meta property=\"article:modified_time\" content=\"2023-11-29T13:29:46+00:00\" \/>\n<meta property=\"og:image\" content=\"https:\/\/seriprintserigrafia.com\/wp-content\/uploads\/2023\/02\/bolsa-algodon-jute.jpg\" \/>\n\t<meta property=\"og:image:width\" content=\"700\" \/>\n\t<meta property=\"og:image:height\" content=\"700\" \/>\n\t<meta property=\"og:image:type\" content=\"image\/jpeg\" \/>\n<meta name=\"twitter:card\" content=\"summary_large_image\" \/>\n<meta name=\"twitter:site\" content=\"@_Seriprint\" \/>\n<meta name=\"twitter:label1\" content=\"Availability\" \/>\n\t<meta name=\"twitter:data1\" content=\"In stock\" \/>\n<script type=\"application\/ld+json\" class=\"yoast-schema-graph\">{\"@context\":\"https:\\\/\\\/schema.org\",\"@graph\":[{\"@type\":\"WebPage\",\"@id\":\"https:\\\/\\\/seriprintserigrafia.com\\\/producto\\\/bolsa-algodon-y-jute\\\/\",\"url\":\"https:\\\/\\\/seriprintserigrafia.com\\\/producto\\\/bolsa-algodon-y-jute\\\/\",\"name\":\"Bolsa Algod\u00f3n y Jute - Seriprint Serigraf\u00eda\",\"isPartOf\":{\"@id\":\"https:\\\/\\\/seriprintserigrafia.com\\\/#website\"},\"primaryImageOfPage\":{\"@id\":\"https:\\\/\\\/seriprintserigrafia.com\\\/producto\\\/bolsa-algodon-y-jute\\\/#primaryimage\"},\"image\":{\"@id\":\"https:\\\/\\\/seriprintserigrafia.com\\\/producto\\\/bolsa-algodon-y-jute\\\/#primaryimage\"},\"thumbnailUrl\":\"https:\\\/\\\/seriprintserigrafia.com\\\/wp-content\\\/uploads\\\/2023\\\/02\\\/bolsa-algodon-jute.jpg\",\"datePublished\":\"2023-02-06T10:26:20+00:00\",\"dateModified\":\"2023-11-29T13:29:46+00:00\",\"description\":\"Bolsa de Algod\u00f3n y Jute para una botella personalizable con tu logo o dise\u00f1o. da una buena impresi\u00f3n con esta maravillosa bolsa ecol\u00f3gica y reciclable.\",\"breadcrumb\":{\"@id\":\"https:\\\/\\\/seriprintserigrafia.com\\\/producto\\\/bolsa-algodon-y-jute\\\/#breadcrumb\"},\"inLanguage\":\"en-GB\",\"potentialAction\":[{\"@type\":\"ReadAction\",\"target\":[\"https:\\\/\\\/seriprintserigrafia.com\\\/producto\\\/bolsa-algodon-y-jute\\\/\"]}]},{\"@type\":\"ImageObject\",\"inLanguage\":\"en-GB\",\"@id\":\"https:\\\/\\\/seriprintserigrafia.com\\\/producto\\\/bolsa-algodon-y-jute\\\/#primaryimage\",\"url\":\"https:\\\/\\\/seriprintserigrafia.com\\\/wp-content\\\/uploads\\\/2023\\\/02\\\/bolsa-algodon-jute.jpg\",\"contentUrl\":\"https:\\\/\\\/seriprintserigrafia.com\\\/wp-content\\\/uploads\\\/2023\\\/02\\\/bolsa-algodon-jute.jpg\",\"width\":700,\"height\":700},{\"@type\":\"BreadcrumbList\",\"@id\":\"https:\\\/\\\/seriprintserigrafia.com\\\/producto\\\/bolsa-algodon-y-jute\\\/#breadcrumb\",\"itemListElement\":[{\"@type\":\"ListItem\",\"position\":1,\"name\":\"Portada\",\"item\":\"https:\\\/\\\/seriprintserigrafia.com\\\/\"},{\"@type\":\"ListItem\",\"position\":2,\"name\":\"Bolsas\",\"item\":\"https:\\\/\\\/seriprintserigrafia.com\\\/en\\\/bolsas\\\/\"},{\"@type\":\"ListItem\",\"position\":3,\"name\":\"Bolsa Algod\u00f3n y Jute\"}]},{\"@type\":\"WebSite\",\"@id\":\"https:\\\/\\\/seriprintserigrafia.com\\\/#website\",\"url\":\"https:\\\/\\\/seriprintserigrafia.com\\\/\",\"name\":\"Seriprint Serigraf\u00eda\",\"description\":\"Las Mejores Ofertas en Bolsas\",\"publisher\":{\"@id\":\"https:\\\/\\\/seriprintserigrafia.com\\\/#organization\"},\"potentialAction\":[{\"@type\":\"SearchAction\",\"target\":{\"@type\":\"EntryPoint\",\"urlTemplate\":\"https:\\\/\\\/seriprintserigrafia.com\\\/?s={search_term_string}\"},\"query-input\":{\"@type\":\"PropertyValueSpecification\",\"valueRequired\":true,\"valueName\":\"search_term_string\"}}],\"inLanguage\":\"en-GB\"},{\"@type\":\"Organization\",\"@id\":\"https:\\\/\\\/seriprintserigrafia.com\\\/#organization\",\"name\":\"Seriprint Serigraf\u00eda S.L\",\"url\":\"https:\\\/\\\/seriprintserigrafia.com\\\/\",\"logo\":{\"@type\":\"ImageObject\",\"inLanguage\":\"en-GB\",\"@id\":\"https:\\\/\\\/seriprintserigrafia.com\\\/#\\\/schema\\\/logo\\\/image\\\/\",\"url\":\"https:\\\/\\\/seriprintserigrafia.com\\\/wp-content\\\/uploads\\\/2021\\\/02\\\/Logo-Seriprint-Serigrafia-Transparente.png\",\"contentUrl\":\"https:\\\/\\\/seriprintserigrafia.com\\\/wp-content\\\/uploads\\\/2021\\\/02\\\/Logo-Seriprint-Serigrafia-Transparente.png\",\"width\":594,\"height\":213,\"caption\":\"Seriprint Serigraf\u00eda S.L\"},\"image\":{\"@id\":\"https:\\\/\\\/seriprintserigrafia.com\\\/#\\\/schema\\\/logo\\\/image\\\/\"},\"sameAs\":[\"https:\\\/\\\/www.facebook.com\\\/bolsasdepapelbaratas\",\"https:\\\/\\\/x.com\\\/_Seriprint\",\"https:\\\/\\\/www.instagram.com\\\/seriprint_serigrafia_\\\/\"]}]}<\/script>\n<meta property=\"og:availability\" content=\"instock\" \/>\n<meta property=\"product:availability\" content=\"instock\" \/>\n<meta property=\"product:condition\" content=\"new\" \/>\n<!-- \/ Yoast SEO Premium plugin. -->","yoast_head_json":{"title":"Bolsa Algod\u00f3n y Jute - Seriprint Serigraf\u00eda","description":"Bolsa de Algod\u00f3n y Jute para una botella personalizable con tu logo o dise\u00f1o. da una buena impresi\u00f3n con esta maravillosa bolsa ecol\u00f3gica y reciclable.","robots":{"index":"index","follow":"follow","max-snippet":"max-snippet:-1","max-image-preview":"max-image-preview:large","max-video-preview":"max-video-preview:-1"},"canonical":"https:\/\/seriprintserigrafia.com\/en\/product\/bolsa-algodon-y-jute\/","og_locale":"en_GB","og_type":"article","og_title":"Bolsa Algod\u00f3n y Jute","og_description":"Bolsa de Algod\u00f3n y Jute para una botella personalizable con tu logo o dise\u00f1o. da una buena impresi\u00f3n con esta maravillosa bolsa ecol\u00f3gica y reciclable.","og_url":"https:\/\/seriprintserigrafia.com\/en\/product\/bolsa-algodon-y-jute\/","og_site_name":"Seriprint Serigraf\u00eda","article_publisher":"https:\/\/www.facebook.com\/bolsasdepapelbaratas","article_modified_time":"2023-11-29T13:29:46+00:00","og_image":[{"width":700,"height":700,"url":"https:\/\/seriprintserigrafia.com\/wp-content\/uploads\/2023\/02\/bolsa-algodon-jute.jpg","type":"image\/jpeg"}],"twitter_card":"summary_large_image","twitter_site":"@_Seriprint","twitter_misc":{"Availability":"In stock"},"schema":{"@context":"https:\/\/schema.org","@graph":[{"@type":"WebPage","@id":"https:\/\/seriprintserigrafia.com\/producto\/bolsa-algodon-y-jute\/","url":"https:\/\/seriprintserigrafia.com\/producto\/bolsa-algodon-y-jute\/","name":"Bolsa Algod\u00f3n y Jute - Seriprint Serigraf\u00eda","isPartOf":{"@id":"https:\/\/seriprintserigrafia.com\/#website"},"primaryImageOfPage":{"@id":"https:\/\/seriprintserigrafia.com\/producto\/bolsa-algodon-y-jute\/#primaryimage"},"image":{"@id":"https:\/\/seriprintserigrafia.com\/producto\/bolsa-algodon-y-jute\/#primaryimage"},"thumbnailUrl":"https:\/\/seriprintserigrafia.com\/wp-content\/uploads\/2023\/02\/bolsa-algodon-jute.jpg","datePublished":"2023-02-06T10:26:20+00:00","dateModified":"2023-11-29T13:29:46+00:00","description":"Bolsa de Algod\u00f3n y Jute para una botella personalizable con tu logo o dise\u00f1o. da una buena impresi\u00f3n con esta maravillosa bolsa ecol\u00f3gica y reciclable.","breadcrumb":{"@id":"https:\/\/seriprintserigrafia.com\/producto\/bolsa-algodon-y-jute\/#breadcrumb"},"inLanguage":"en-GB","potentialAction":[{"@type":"ReadAction","target":["https:\/\/seriprintserigrafia.com\/producto\/bolsa-algodon-y-jute\/"]}]},{"@type":"ImageObject","inLanguage":"en-GB","@id":"https:\/\/seriprintserigrafia.com\/producto\/bolsa-algodon-y-jute\/#primaryimage","url":"https:\/\/seriprintserigrafia.com\/wp-content\/uploads\/2023\/02\/bolsa-algodon-jute.jpg","contentUrl":"https:\/\/seriprintserigrafia.com\/wp-content\/uploads\/2023\/02\/bolsa-algodon-jute.jpg","width":700,"height":700},{"@type":"BreadcrumbList","@id":"https:\/\/seriprintserigrafia.com\/producto\/bolsa-algodon-y-jute\/#breadcrumb","itemListElement":[{"@type":"ListItem","position":1,"name":"Portada","item":"https:\/\/seriprintserigrafia.com\/"},{"@type":"ListItem","position":2,"name":"Bolsas","item":"https:\/\/seriprintserigrafia.com\/en\/bolsas\/"},{"@type":"ListItem","position":3,"name":"Bolsa Algod\u00f3n y Jute"}]},{"@type":"WebSite","@id":"https:\/\/seriprintserigrafia.com\/#website","url":"https:\/\/seriprintserigrafia.com\/","name":"Seriprint Serigraf\u00eda","description":"The Best Offers on Bags","publisher":{"@id":"https:\/\/seriprintserigrafia.com\/#organization"},"potentialAction":[{"@type":"SearchAction","target":{"@type":"EntryPoint","urlTemplate":"https:\/\/seriprintserigrafia.com\/?s={search_term_string}"},"query-input":{"@type":"PropertyValueSpecification","valueRequired":true,"valueName":"search_term_string"}}],"inLanguage":"en-GB"},{"@type":"Organization","@id":"https:\/\/seriprintserigrafia.com\/#organization","name":"Seriprint Serigraf\u00eda S.L","url":"https:\/\/seriprintserigrafia.com\/","logo":{"@type":"ImageObject","inLanguage":"en-GB","@id":"https:\/\/seriprintserigrafia.com\/#\/schema\/logo\/image\/","url":"https:\/\/seriprintserigrafia.com\/wp-content\/uploads\/2021\/02\/Logo-Seriprint-Serigrafia-Transparente.png","contentUrl":"https:\/\/seriprintserigrafia.com\/wp-content\/uploads\/2021\/02\/Logo-Seriprint-Serigrafia-Transparente.png","width":594,"height":213,"caption":"Seriprint Serigraf\u00eda S.L"},"image":{"@id":"https:\/\/seriprintserigrafia.com\/#\/schema\/logo\/image\/"},"sameAs":["https:\/\/www.facebook.com\/bolsasdepapelbaratas","https:\/\/x.com\/_Seriprint","https:\/\/www.instagram.com\/seriprint_serigrafia_\/"]}]},"og_availability":"instock","product_availability":"instock","product_condition":"new"},"_links":{"self":[{"href":"https:\/\/seriprintserigrafia.com\/en\/wp-json\/wp\/v2\/product\/3290","targetHints":{"allow":["GET"]}}],"collection":[{"href":"https:\/\/seriprintserigrafia.com\/en\/wp-json\/wp\/v2\/product"}],"about":[{"href":"https:\/\/seriprintserigrafia.com\/en\/wp-json\/wp\/v2\/types\/product"}],"replies":[{"embeddable":true,"href":"https:\/\/seriprintserigrafia.com\/en\/wp-json\/wp\/v2\/comments?post=3290"}],"wp:featuredmedia":[{"embeddable":true,"href":"https:\/\/seriprintserigrafia.com\/en\/wp-json\/wp\/v2\/media\/3237"}],"wp:attachment":[{"href":"https:\/\/seriprintserigrafia.com\/en\/wp-json\/wp\/v2\/media?parent=3290"}],"wp:term":[{"taxonomy":"product_brand","embeddable":true,"href":"https:\/\/seriprintserigrafia.com\/en\/wp-json\/wp\/v2\/product_brand?post=3290"},{"taxonomy":"product_cat","embeddable":true,"href":"https:\/\/seriprintserigrafia.com\/en\/wp-json\/wp\/v2\/product_cat?post=3290"},{"taxonomy":"product_tag","embeddable":true,"href":"https:\/\/seriprintserigrafia.com\/en\/wp-json\/wp\/v2\/product_tag?post=3290"}],"curies":[{"name":"wp","href":"https:\/\/api.w.org\/{rel}","templated":true}]}}