{"id":2290,"date":"2021-03-16T10:47:18","date_gmt":"2021-03-16T09:47:18","guid":{"rendered":"https:\/\/seriprintserigrafia.com\/?post_type=product&#038;p=2290"},"modified":"2023-09-20T11:40:48","modified_gmt":"2023-09-20T09:40:48","slug":"lote-de-bolsas-numero-25","status":"publish","type":"product","link":"https:\/\/seriprintserigrafia.com\/en\/product\/lote-de-bolsas-numero-25\/","title":{"rendered":"Lot of bags Number 25"},"content":{"rendered":"<p class=\"translation-block\">Offer of a lot of bags of different sizes of paper and fabric bags to be screen printed in different marking colors.<br>\nLot number 25 of cheap ecological paper and cotton bags consisting of: <br> 500 units of 24x32cm <br>250 units of 32x40cm <br>200 units of 42x49cm <br> 100 of fabric size 38x42 cm.<\/p>","protected":false},"excerpt":{"rendered":"<p>Lot number 25 of cheap ecological paper and cotton bags at the best price for screen printing.<\/p>","protected":false},"featured_media":3404,"comment_status":"closed","ping_status":"closed","template":"","meta":{"site-sidebar-layout":"default","site-content-layout":"default","ast-site-content-layout":"default","site-content-style":"default","site-sidebar-style":"default","ast-global-header-display":"","ast-banner-title-visibility":"","ast-main-header-display":"","ast-hfb-above-header-display":"","ast-hfb-below-header-display":"","ast-hfb-mobile-header-display":"","site-post-title":"","ast-breadcrumbs-content":"","ast-featured-img":"","footer-sml-layout":"","ast-disable-related-posts":"","theme-transparent-header-meta":"default","adv-header-id-meta":"","stick-header-meta":"default","header-above-stick-meta":"","header-main-stick-meta":"","header-below-stick-meta":"","astra-migrate-meta-layouts":"default","ast-page-background-enabled":"default","ast-page-background-meta":{"desktop":{"background-color":"","background-image":"","background-repeat":"repeat","background-position":"center center","background-size":"auto","background-attachment":"scroll","background-type":"","background-media":"","overlay-type":"","overlay-color":"","overlay-opacity":"","overlay-gradient":""},"tablet":{"background-color":"","background-image":"","background-repeat":"repeat","background-position":"center center","background-size":"auto","background-attachment":"scroll","background-type":"","background-media":"","overlay-type":"","overlay-color":"","overlay-opacity":"","overlay-gradient":""},"mobile":{"background-color":"","background-image":"","background-repeat":"repeat","background-position":"center center","background-size":"auto","background-attachment":"scroll","background-type":"","background-media":"","overlay-type":"","overlay-color":"","overlay-opacity":"","overlay-gradient":""}},"ast-content-background-meta":{"desktop":{"background-color":"var(--ast-global-color-5)","background-image":"","background-repeat":"repeat","background-position":"center center","background-size":"auto","background-attachment":"scroll","background-type":"","background-media":"","overlay-type":"","overlay-color":"","overlay-opacity":"","overlay-gradient":""},"tablet":{"background-color":"var(--ast-global-color-5)","background-image":"","background-repeat":"repeat","background-position":"center center","background-size":"auto","background-attachment":"scroll","background-type":"","background-media":"","overlay-type":"","overlay-color":"","overlay-opacity":"","overlay-gradient":""},"mobile":{"background-color":"var(--ast-global-color-5)","background-image":"","background-repeat":"repeat","background-position":"center center","background-size":"auto","background-attachment":"scroll","background-type":"","background-media":"","overlay-type":"","overlay-color":"","overlay-opacity":"","overlay-gradient":""}}},"product_brand":[],"product_cat":[61],"product_tag":[],"class_list":{"0":"post-2290","1":"product","2":"type-product","3":"status-publish","4":"has-post-thumbnail","6":"product_cat-lotes","7":"desktop-align-center","8":"tablet-align-center","9":"mobile-align-center","10":"ast-product-gallery-layout-horizontal","11":"ast-product-gallery-with-no-image","12":"ast-product-single-variable","13":"ast-product-tabs-layout-horizontal","15":"first","16":"instock","17":"taxable","18":"shipping-taxable","19":"purchasable","20":"product-type-variable"},"yoast_head":"<!-- This site is optimized with the Yoast SEO Premium plugin v21.7 (Yoast SEO v27.5) - https:\/\/yoast.com\/product\/yoast-seo-premium-wordpress\/ -->\n<title>Lote de bolsas N\u00famero 25 - Seriprint Serigraf\u00eda<\/title>\n<meta name=\"description\" content=\"Lote de bolsas N\u00famero 25 - Oferta de lote de bolsas de diferentes tama\u00f1os de papel y bolsas de tela\u00a0 para serigrafiar en diferentes colores de marcaje.\" \/>\n<meta name=\"robots\" content=\"index, follow, max-snippet:-1, max-image-preview:large, max-video-preview:-1\" \/>\n<link rel=\"canonical\" href=\"https:\/\/seriprintserigrafia.com\/en\/product\/lote-de-bolsas-numero-25\/\" \/>\n<meta property=\"og:locale\" content=\"en_GB\" \/>\n<meta property=\"og:type\" content=\"article\" \/>\n<meta property=\"og:title\" content=\"Lote de bolsas N\u00famero 25\" \/>\n<meta property=\"og:description\" content=\"Lote de bolsas N\u00famero 25 - Oferta de lote de bolsas de diferentes tama\u00f1os de papel y bolsas de tela\u00a0 para serigrafiar en diferentes colores de marcaje.\" \/>\n<meta property=\"og:url\" content=\"https:\/\/seriprintserigrafia.com\/en\/product\/lote-de-bolsas-numero-25\/\" \/>\n<meta property=\"og:site_name\" content=\"Seriprint Serigraf\u00eda\" \/>\n<meta property=\"article:publisher\" content=\"https:\/\/www.facebook.com\/bolsasdepapelbaratas\" \/>\n<meta property=\"article:modified_time\" content=\"2023-09-20T09:40:48+00:00\" \/>\n<meta property=\"og:image\" content=\"https:\/\/seriprintserigrafia.com\/wp-content\/uploads\/2021\/03\/lote-25.jpg\" \/>\n\t<meta property=\"og:image:width\" content=\"700\" \/>\n\t<meta property=\"og:image:height\" content=\"704\" \/>\n\t<meta property=\"og:image:type\" content=\"image\/jpeg\" \/>\n<meta name=\"twitter:card\" content=\"summary_large_image\" \/>\n<meta name=\"twitter:site\" content=\"@_Seriprint\" \/>\n<meta name=\"twitter:label1\" content=\"Availability\" \/>\n\t<meta name=\"twitter:data1\" content=\"In stock\" \/>\n<script type=\"application\/ld+json\" class=\"yoast-schema-graph\">{\"@context\":\"https:\\\/\\\/schema.org\",\"@graph\":[{\"@type\":\"WebPage\",\"@id\":\"https:\\\/\\\/seriprintserigrafia.com\\\/producto\\\/lote-de-bolsas-numero-25\\\/\",\"url\":\"https:\\\/\\\/seriprintserigrafia.com\\\/producto\\\/lote-de-bolsas-numero-25\\\/\",\"name\":\"Lote de bolsas N\u00famero 25 - Seriprint Serigraf\u00eda\",\"isPartOf\":{\"@id\":\"https:\\\/\\\/seriprintserigrafia.com\\\/#website\"},\"primaryImageOfPage\":{\"@id\":\"https:\\\/\\\/seriprintserigrafia.com\\\/producto\\\/lote-de-bolsas-numero-25\\\/#primaryimage\"},\"image\":{\"@id\":\"https:\\\/\\\/seriprintserigrafia.com\\\/producto\\\/lote-de-bolsas-numero-25\\\/#primaryimage\"},\"thumbnailUrl\":\"https:\\\/\\\/seriprintserigrafia.com\\\/wp-content\\\/uploads\\\/2021\\\/03\\\/lote-25.jpg\",\"datePublished\":\"2021-03-16T09:47:18+00:00\",\"dateModified\":\"2023-09-20T09:40:48+00:00\",\"description\":\"Lote de bolsas N\u00famero 25 - Oferta de lote de bolsas de diferentes tama\u00f1os de papel y bolsas de tela\u00a0 para serigrafiar en diferentes colores de marcaje.\",\"breadcrumb\":{\"@id\":\"https:\\\/\\\/seriprintserigrafia.com\\\/producto\\\/lote-de-bolsas-numero-25\\\/#breadcrumb\"},\"inLanguage\":\"en-GB\",\"potentialAction\":[{\"@type\":\"ReadAction\",\"target\":[\"https:\\\/\\\/seriprintserigrafia.com\\\/producto\\\/lote-de-bolsas-numero-25\\\/\"]}]},{\"@type\":\"ImageObject\",\"inLanguage\":\"en-GB\",\"@id\":\"https:\\\/\\\/seriprintserigrafia.com\\\/producto\\\/lote-de-bolsas-numero-25\\\/#primaryimage\",\"url\":\"https:\\\/\\\/seriprintserigrafia.com\\\/wp-content\\\/uploads\\\/2021\\\/03\\\/lote-25.jpg\",\"contentUrl\":\"https:\\\/\\\/seriprintserigrafia.com\\\/wp-content\\\/uploads\\\/2021\\\/03\\\/lote-25.jpg\",\"width\":700,\"height\":704,\"caption\":\"Lote n\u00famero 25 de bolsas baratas de papel y algod\u00f3n ecol\u00f3gicas compuesto por : 500 unidades de 24x32cm ,250 unidades de 32x40cm ,200 unidades de 42x49cm y 100 de tela tama\u00f1o 38x42 cm al mejor precio para serigrafiar.\"},{\"@type\":\"BreadcrumbList\",\"@id\":\"https:\\\/\\\/seriprintserigrafia.com\\\/producto\\\/lote-de-bolsas-numero-25\\\/#breadcrumb\",\"itemListElement\":[{\"@type\":\"ListItem\",\"position\":1,\"name\":\"Portada\",\"item\":\"https:\\\/\\\/seriprintserigrafia.com\\\/\"},{\"@type\":\"ListItem\",\"position\":2,\"name\":\"Bolsas\",\"item\":\"https:\\\/\\\/seriprintserigrafia.com\\\/en\\\/bolsas\\\/\"},{\"@type\":\"ListItem\",\"position\":3,\"name\":\"Lote de bolsas N\u00famero 25\"}]},{\"@type\":\"WebSite\",\"@id\":\"https:\\\/\\\/seriprintserigrafia.com\\\/#website\",\"url\":\"https:\\\/\\\/seriprintserigrafia.com\\\/\",\"name\":\"Seriprint Serigraf\u00eda\",\"description\":\"Las Mejores Ofertas en Bolsas\",\"publisher\":{\"@id\":\"https:\\\/\\\/seriprintserigrafia.com\\\/#organization\"},\"potentialAction\":[{\"@type\":\"SearchAction\",\"target\":{\"@type\":\"EntryPoint\",\"urlTemplate\":\"https:\\\/\\\/seriprintserigrafia.com\\\/?s={search_term_string}\"},\"query-input\":{\"@type\":\"PropertyValueSpecification\",\"valueRequired\":true,\"valueName\":\"search_term_string\"}}],\"inLanguage\":\"en-GB\"},{\"@type\":\"Organization\",\"@id\":\"https:\\\/\\\/seriprintserigrafia.com\\\/#organization\",\"name\":\"Seriprint Serigraf\u00eda S.L\",\"url\":\"https:\\\/\\\/seriprintserigrafia.com\\\/\",\"logo\":{\"@type\":\"ImageObject\",\"inLanguage\":\"en-GB\",\"@id\":\"https:\\\/\\\/seriprintserigrafia.com\\\/#\\\/schema\\\/logo\\\/image\\\/\",\"url\":\"https:\\\/\\\/seriprintserigrafia.com\\\/wp-content\\\/uploads\\\/2021\\\/02\\\/Logo-Seriprint-Serigrafia-Transparente.png\",\"contentUrl\":\"https:\\\/\\\/seriprintserigrafia.com\\\/wp-content\\\/uploads\\\/2021\\\/02\\\/Logo-Seriprint-Serigrafia-Transparente.png\",\"width\":594,\"height\":213,\"caption\":\"Seriprint Serigraf\u00eda S.L\"},\"image\":{\"@id\":\"https:\\\/\\\/seriprintserigrafia.com\\\/#\\\/schema\\\/logo\\\/image\\\/\"},\"sameAs\":[\"https:\\\/\\\/www.facebook.com\\\/bolsasdepapelbaratas\",\"https:\\\/\\\/x.com\\\/_Seriprint\",\"https:\\\/\\\/www.instagram.com\\\/seriprint_serigrafia_\\\/\"]}]}<\/script>\n<meta property=\"og:availability\" content=\"instock\" \/>\n<meta property=\"product:availability\" content=\"instock\" \/>\n<meta property=\"product:condition\" content=\"new\" \/>\n<!-- \/ Yoast SEO Premium plugin. -->","yoast_head_json":{"title":"Lot of bags Number 25 - Seriprint Serigraphy","description":"Offer of a lot of bags of different sizes of paper and cloth bags for screen printing in different marking colors.","robots":{"index":"index","follow":"follow","max-snippet":"max-snippet:-1","max-image-preview":"max-image-preview:large","max-video-preview":"max-video-preview:-1"},"canonical":"https:\/\/seriprintserigrafia.com\/en\/product\/lote-de-bolsas-numero-25\/","og_locale":"en_GB","og_type":"article","og_title":"Lote de bolsas N\u00famero 25","og_description":"Lote de bolsas N\u00famero 25 - Oferta de lote de bolsas de diferentes tama\u00f1os de papel y bolsas de tela\u00a0 para serigrafiar en diferentes colores de marcaje.","og_url":"https:\/\/seriprintserigrafia.com\/en\/product\/lote-de-bolsas-numero-25\/","og_site_name":"Seriprint Serigraf\u00eda","article_publisher":"https:\/\/www.facebook.com\/bolsasdepapelbaratas","article_modified_time":"2023-09-20T09:40:48+00:00","og_image":[{"width":700,"height":704,"url":"https:\/\/seriprintserigrafia.com\/wp-content\/uploads\/2021\/03\/lote-25.jpg","type":"image\/jpeg"}],"twitter_card":"summary_large_image","twitter_site":"@_Seriprint","twitter_misc":{"Availability":"In stock"},"schema":{"@context":"https:\/\/schema.org","@graph":[{"@type":"WebPage","@id":"https:\/\/seriprintserigrafia.com\/producto\/lote-de-bolsas-numero-25\/","url":"https:\/\/seriprintserigrafia.com\/producto\/lote-de-bolsas-numero-25\/","name":"Lot of bags Number 25 - Seriprint Serigraphy","isPartOf":{"@id":"https:\/\/seriprintserigrafia.com\/#website"},"primaryImageOfPage":{"@id":"https:\/\/seriprintserigrafia.com\/producto\/lote-de-bolsas-numero-25\/#primaryimage"},"image":{"@id":"https:\/\/seriprintserigrafia.com\/producto\/lote-de-bolsas-numero-25\/#primaryimage"},"thumbnailUrl":"https:\/\/seriprintserigrafia.com\/wp-content\/uploads\/2021\/03\/lote-25.jpg","datePublished":"2021-03-16T09:47:18+00:00","dateModified":"2023-09-20T09:40:48+00:00","description":"Offer of a lot of bags of different sizes of paper and cloth bags for screen printing in different marking colors.","breadcrumb":{"@id":"https:\/\/seriprintserigrafia.com\/producto\/lote-de-bolsas-numero-25\/#breadcrumb"},"inLanguage":"en-GB","potentialAction":[{"@type":"ReadAction","target":["https:\/\/seriprintserigrafia.com\/producto\/lote-de-bolsas-numero-25\/"]}]},{"@type":"ImageObject","inLanguage":"en-GB","@id":"https:\/\/seriprintserigrafia.com\/producto\/lote-de-bolsas-numero-25\/#primaryimage","url":"https:\/\/seriprintserigrafia.com\/wp-content\/uploads\/2021\/03\/lote-25.jpg","contentUrl":"https:\/\/seriprintserigrafia.com\/wp-content\/uploads\/2021\/03\/lote-25.jpg","width":700,"height":704,"caption":"Lote n\u00famero 25 de bolsas baratas de papel y algod\u00f3n ecol\u00f3gicas compuesto por : 500 unidades de 24x32cm ,250 unidades de 32x40cm ,200 unidades de 42x49cm y 100 de tela tama\u00f1o 38x42 cm al mejor precio para serigrafiar."},{"@type":"BreadcrumbList","@id":"https:\/\/seriprintserigrafia.com\/producto\/lote-de-bolsas-numero-25\/#breadcrumb","itemListElement":[{"@type":"ListItem","position":1,"name":"Portada","item":"https:\/\/seriprintserigrafia.com\/"},{"@type":"ListItem","position":2,"name":"Bolsas","item":"https:\/\/seriprintserigrafia.com\/en\/bolsas\/"},{"@type":"ListItem","position":3,"name":"Lote de bolsas N\u00famero 25"}]},{"@type":"WebSite","@id":"https:\/\/seriprintserigrafia.com\/#website","url":"https:\/\/seriprintserigrafia.com\/","name":"Seriprint Serigraf\u00eda","description":"The Best Offers on Bags","publisher":{"@id":"https:\/\/seriprintserigrafia.com\/#organization"},"potentialAction":[{"@type":"SearchAction","target":{"@type":"EntryPoint","urlTemplate":"https:\/\/seriprintserigrafia.com\/?s={search_term_string}"},"query-input":{"@type":"PropertyValueSpecification","valueRequired":true,"valueName":"search_term_string"}}],"inLanguage":"en-GB"},{"@type":"Organization","@id":"https:\/\/seriprintserigrafia.com\/#organization","name":"Seriprint Serigraf\u00eda S.L","url":"https:\/\/seriprintserigrafia.com\/","logo":{"@type":"ImageObject","inLanguage":"en-GB","@id":"https:\/\/seriprintserigrafia.com\/#\/schema\/logo\/image\/","url":"https:\/\/seriprintserigrafia.com\/wp-content\/uploads\/2021\/02\/Logo-Seriprint-Serigrafia-Transparente.png","contentUrl":"https:\/\/seriprintserigrafia.com\/wp-content\/uploads\/2021\/02\/Logo-Seriprint-Serigrafia-Transparente.png","width":594,"height":213,"caption":"Seriprint Serigraf\u00eda S.L"},"image":{"@id":"https:\/\/seriprintserigrafia.com\/#\/schema\/logo\/image\/"},"sameAs":["https:\/\/www.facebook.com\/bolsasdepapelbaratas","https:\/\/x.com\/_Seriprint","https:\/\/www.instagram.com\/seriprint_serigrafia_\/"]}]},"og_availability":"instock","product_availability":"instock","product_condition":"new"},"_links":{"self":[{"href":"https:\/\/seriprintserigrafia.com\/en\/wp-json\/wp\/v2\/product\/2290","targetHints":{"allow":["GET"]}}],"collection":[{"href":"https:\/\/seriprintserigrafia.com\/en\/wp-json\/wp\/v2\/product"}],"about":[{"href":"https:\/\/seriprintserigrafia.com\/en\/wp-json\/wp\/v2\/types\/product"}],"replies":[{"embeddable":true,"href":"https:\/\/seriprintserigrafia.com\/en\/wp-json\/wp\/v2\/comments?post=2290"}],"wp:featuredmedia":[{"embeddable":true,"href":"https:\/\/seriprintserigrafia.com\/en\/wp-json\/wp\/v2\/media\/3404"}],"wp:attachment":[{"href":"https:\/\/seriprintserigrafia.com\/en\/wp-json\/wp\/v2\/media?parent=2290"}],"wp:term":[{"taxonomy":"product_brand","embeddable":true,"href":"https:\/\/seriprintserigrafia.com\/en\/wp-json\/wp\/v2\/product_brand?post=2290"},{"taxonomy":"product_cat","embeddable":true,"href":"https:\/\/seriprintserigrafia.com\/en\/wp-json\/wp\/v2\/product_cat?post=2290"},{"taxonomy":"product_tag","embeddable":true,"href":"https:\/\/seriprintserigrafia.com\/en\/wp-json\/wp\/v2\/product_tag?post=2290"}],"curies":[{"name":"wp","href":"https:\/\/api.w.org\/{rel}","templated":true}]}}