{"id":1941,"date":"2021-03-02T12:15:37","date_gmt":"2021-03-02T11:15:37","guid":{"rendered":"https:\/\/seriprintserigrafia.com\/?page_id=1941"},"modified":"2023-08-10T13:14:50","modified_gmt":"2023-08-10T11:14:50","slug":"modelo-desistimiento","status":"publish","type":"page","link":"https:\/\/seriprintserigrafia.com\/en\/modelo-desistimiento\/","title":{"rendered":"Modelo Desistimiento"},"content":{"rendered":"<div data-elementor-type=\"wp-page\" data-elementor-id=\"1941\" class=\"elementor elementor-1941\">\n\t\t\t\t\t\t<section class=\"elementor-section elementor-top-section elementor-element elementor-element-34563d6 elementor-section-boxed elementor-section-height-default elementor-section-height-default\" data-id=\"34563d6\" data-element_type=\"section\" data-e-type=\"section\">\n\t\t\t\t\t\t<div class=\"elementor-container elementor-column-gap-default\">\n\t\t\t\t\t<div class=\"elementor-column elementor-col-100 elementor-top-column elementor-element elementor-element-eb60c88\" data-id=\"eb60c88\" data-element_type=\"column\" data-e-type=\"column\">\n\t\t\t<div class=\"elementor-widget-wrap\">\n\t\t\t\t\t\t\t<\/div>\n\t\t<\/div>\n\t\t\t\t\t<\/div>\n\t\t<\/section>\n\t\t\t\t<section class=\"elementor-section elementor-top-section elementor-element elementor-element-609de17 elementor-section-boxed elementor-section-height-default elementor-section-height-default\" data-id=\"609de17\" data-element_type=\"section\" data-e-type=\"section\">\n\t\t\t\t\t\t<div class=\"elementor-container elementor-column-gap-default\">\n\t\t\t\t\t<div class=\"elementor-column elementor-col-100 elementor-top-column elementor-element elementor-element-f3d922f\" data-id=\"f3d922f\" data-element_type=\"column\" data-e-type=\"column\">\n\t\t\t<div class=\"elementor-widget-wrap elementor-element-populated\">\n\t\t\t\t\t\t<div class=\"elementor-element elementor-element-6b07dff elementor-widget elementor-widget-text-editor\" data-id=\"6b07dff\" data-element_type=\"widget\" data-e-type=\"widget\" data-widget_type=\"text-editor.default\">\n\t\t\t\t<div class=\"elementor-widget-container\">\n\t\t\t\t\t\t\t\t\t<h2>MODELO DE FORMULARIO DE DESISTIMIENTO<\/h2><p><em>(Este documento o carta solo se debe cumplimentar y enviar si desea desistir del contrato)<\/em><\/p><p><strong><br \/>Asunto:\u00a0<\/strong>Desistimiento del contrato<\/p><p>En:\u2026\u2026\u2026\u2026\u2026\u2026\u2026\u2026\u2026\u2026\u2026.., a\u2026\u2026\u2026\u2026.\/\u2026\u2026\u2026\u2026\u2026\/\u2026\u2026\u2026\u2026.<\/p><p><strong><br \/>A la atenci\u00f3n de:<\/strong><\/p><p>Seriprint Serigraf\u00eda<br \/>Pol\u00edgono Industrial Casti\u00f1eiras<br \/>Nave 21, 36939 \u2013 Bueu \u2013 Pontevedra<br \/>Tel\u00e9fono de contacto: 986.320.255<br \/>Email de contacto: https:\/\/seriprintserigrafia.com\/<\/p><p>Titular de la siguiente p\u00e1gina web de comercio online: https:\/\/seriprintserigrafia.com\/<\/p><p>Por medio de la presente, pongo en su conocimiento mi voluntad de DESISTIR de nuestro contrato de venta de los siguientes bienes o productos:<\/p><p><strong><br \/>Tipo de producto(s) y descripci\u00f3n del\/los mismo(s) (incluya, en su caso, el n\u00famero de referencia):<\/strong><\/p><p>\u2026\u2026\u2026\u2026\u2026\u2026\u2026\u2026\u2026\u2026\u2026\u2026\u2026\u2026\u2026\u2026\u2026\u2026\u2026\u2026\u2026\u2026\u2026\u2026\u2026\u2026\u2026\u2026\u2026\u2026\u2026\u2026\u2026\u2026\u2026\u2026\u2026\u2026\u2026\u2026\u2026\u2026\u2026\u2026\u2026\u2026<\/p><p>\u2026\u2026\u2026\u2026\u2026\u2026\u2026\u2026\u2026\u2026\u2026\u2026\u2026\u2026\u2026\u2026\u2026\u2026\u2026\u2026\u2026\u2026\u2026\u2026\u2026\u2026\u2026\u2026\u2026\u2026\u2026\u2026\u2026\u2026\u2026\u2026\u2026\u2026\u2026\u2026\u2026\u2026\u2026\u2026\u2026\u2026<\/p><p>\u2026\u2026\u2026\u2026\u2026\u2026\u2026\u2026\u2026\u2026\u2026\u2026\u2026\u2026\u2026\u2026\u2026\u2026\u2026\u2026\u2026\u2026\u2026\u2026\u2026\u2026\u2026\u2026\u2026\u2026\u2026\u2026\u2026\u2026\u2026\u2026\u2026\u2026\u2026\u2026\u2026\u2026\u2026\u2026\u2026\u2026<\/p><p>\u2026\u2026\u2026\u2026\u2026\u2026\u2026\u2026\u2026\u2026\u2026\u2026\u2026\u2026\u2026\u2026\u2026\u2026\u2026\u2026\u2026\u2026\u2026\u2026\u2026\u2026\u2026\u2026\u2026\u2026\u2026\u2026\u2026\u2026\u2026\u2026\u2026\u2026\u2026\u2026\u2026\u2026\u2026\u2026\u2026\u2026<\/p><p><strong>N\u00ba del pedido:\u00a0<\/strong>\u2026\u2026\u2026\u2026\u2026\u2026\u2026\u2026\u2026\u2026\u2026\u2026\u2026\u2026\u2026\u2026\u2026\u2026\u2026\u2026\u2026\u2026\u2026\u2026\u2026\u2026\u2026\u2026\u2026\u2026\u2026\u2026\u2026\u2026\u2026\u2026\u2026..<\/p><p><strong>Fecha en la que se realiz\u00f3 o suscribi\u00f3 el pedido:\u00a0<\/strong>\u2026\u2026\u2026\u2026\u2026\u2026\u2026\u2026\u2026\u2026\u2026\u2026\u2026\u2026\u2026\u2026\u2026\u2026<\/p><p><strong>Fecha de recepci\u00f3n del pedido:<\/strong>\u2026\u2026\u2026\u2026\u2026\u2026\u2026\u2026\u2026\u2026\u2026\u2026\u2026\u2026\u2026\u2026\u2026\u2026\u2026\u2026\u2026\u2026\u2026\u2026\u2026\u2026\u2026\u2026<\/p><p><strong>Nombre y documento de identidad (DNI\/NIE\/Pasaporte) del\/los consumidor(es) y usuario(s) (se adjunta copia):<\/strong><\/p><p>\u2026\u2026\u2026\u2026\u2026\u2026\u2026\u2026\u2026\u2026\u2026\u2026\u2026\u2026\u2026\u2026\u2026\u2026\u2026\u2026\u2026\u2026\u2026\u2026\u2026\u2026\u2026\u2026\u2026\u2026\u2026\u2026\u2026\u2026\u2026\u2026\u2026\u2026\u2026\u2026\u2026\u2026\u2026\u2026\u2026\u2026<\/p><p>\u2026\u2026\u2026\u2026\u2026\u2026\u2026\u2026\u2026\u2026\u2026\u2026\u2026\u2026\u2026\u2026\u2026\u2026\u2026\u2026\u2026\u2026\u2026\u2026\u2026\u2026\u2026\u2026\u2026\u2026\u2026\u2026\u2026\u2026\u2026\u2026\u2026\u2026\u2026\u2026\u2026\u2026\u2026\u2026\u2026\u2026<\/p><p>\u2026\u2026\u2026\u2026\u2026\u2026\u2026\u2026\u2026\u2026\u2026\u2026\u2026\u2026\u2026\u2026\u2026\u2026\u2026\u2026\u2026\u2026\u2026\u2026\u2026\u2026\u2026\u2026\u2026\u2026\u2026\u2026\u2026\u2026\u2026\u2026\u2026\u2026\u2026\u2026\u2026\u2026\u2026\u2026\u2026\u2026<\/p><p><strong>Direcci\u00f3n del\/los consumidor(es) y usuario(s):<\/strong><\/p><p>\u2026\u2026\u2026\u2026\u2026\u2026\u2026\u2026\u2026\u2026\u2026\u2026\u2026\u2026\u2026\u2026\u2026\u2026\u2026\u2026\u2026\u2026\u2026\u2026\u2026\u2026\u2026\u2026\u2026\u2026\u2026\u2026\u2026\u2026\u2026\u2026\u2026\u2026\u2026\u2026\u2026\u2026\u2026\u2026\u2026\u2026<\/p><p>\u2026\u2026\u2026\u2026\u2026\u2026\u2026\u2026\u2026\u2026\u2026\u2026\u2026\u2026\u2026\u2026\u2026\u2026\u2026\u2026\u2026\u2026\u2026\u2026\u2026\u2026\u2026\u2026\u2026\u2026\u2026\u2026\u2026\u2026\u2026\u2026\u2026\u2026\u2026\u2026\u2026\u2026\u2026\u2026\u2026\u2026<\/p><p><strong>Tel\u00e9fono del\/los consumidor(es) y usuario(s):<\/strong><\/p><p>\u2026\u2026\u2026\u2026\u2026\u2026\u2026\u2026\u2026\u2026\u2026\u2026\u2026\u2026\u2026\u2026\u2026\u2026\u2026\u2026\u2026\u2026\u2026\u2026\u2026\u2026\u2026\u2026\u2026\u2026\u2026\u2026\u2026\u2026\u2026\u2026\u2026\u2026\u2026\u2026\u2026\u2026\u2026\u2026\u2026\u2026<\/p><p><strong>Correo electr\u00f3nico de\/los consumidor(es) y usuario(s):<\/strong><\/p><p>\u2026\u2026\u2026\u2026\u2026\u2026\u2026\u2026\u2026\u2026\u2026\u2026\u2026\u2026\u2026\u2026\u2026\u2026\u2026\u2026\u2026\u2026\u2026\u2026\u2026\u2026\u2026\u2026\u2026\u2026\u2026\u2026\u2026\u2026\u2026\u2026\u2026\u2026\u2026\u2026\u2026\u2026\u2026\u2026\u2026\u2026<\/p><p><strong>Nombre y domicilio del destinatario del env\u00edo<\/strong>\u00a0(<em>solo si la direcci\u00f3n es distinta a la del\/los consumidor(es) y usuario(s)<\/em>)<strong>:<\/strong><\/p><p>\u2026\u2026\u2026\u2026\u2026\u2026\u2026\u2026\u2026\u2026\u2026\u2026\u2026\u2026\u2026\u2026\u2026\u2026\u2026\u2026\u2026\u2026\u2026\u2026\u2026\u2026\u2026\u2026\u2026\u2026\u2026\u2026\u2026\u2026\u2026\u2026\u2026\u2026\u2026\u2026\u2026\u2026\u2026\u2026\u2026\u2026<\/p><p>\u2026\u2026\u2026\u2026\u2026\u2026\u2026\u2026\u2026\u2026\u2026\u2026\u2026\u2026\u2026\u2026\u2026\u2026\u2026\u2026\u2026\u2026\u2026\u2026\u2026\u2026\u2026\u2026\u2026\u2026\u2026\u2026\u2026\u2026\u2026\u2026\u2026\u2026\u2026\u2026\u2026\u2026\u2026\u2026\u2026\u2026<\/p><p><strong>\u2026\u2026\u2026\u2026\u2026\u2026\u2026\u2026\u2026\u2026\u2026\u2026\u2026\u2026\u2026\u2026\u2026\u2026..<br \/>Firma del\/los consumidor(es) y usuario(s)<\/strong><br \/>(<em>Solo si el formulario se presenta en papel<\/em>)<\/p><p><strong>DERECHO DE DESISTIMIENTO<\/strong><\/p><p>En virtud de lo previsto en el Real Decreto Legislativo 1\/2007, de 16 de noviembre, por el que se aprueba el texto refundido de la Ley General para la Defensa de los Consumidores y Usuarios y otras leyes complementarias, el consumidor tiene derecho a desistir del contrato celebrado a distancia (por tel\u00e9fono, internet, correo postal, fax, en su domicilio, etc) en un plazo de\u00a0<strong>14 d\u00edas naturales sin necesidad de justificaci\u00f3n<\/strong>.<\/p><p>El plazo de desistimiento expirar\u00e1 a los 14 d\u00edas naturales del d\u00eda de la celebraci\u00f3n del contrato, o bien, seg\u00fan corresponda, del d\u00eda que usted o un tercero por usted indicado, distinto del transportista, adquiri\u00f3 la posesi\u00f3n material de los bienes, o del \u00faltimo de esos bienes adquiridos o de la \u00faltima de las piezas de un mismo bien adquirido por un mismo pedido.<\/p><p>Para ejercer el derecho de desistimiento, el consumidor deber\u00e1\u00a0<strong>notificar su decisi\u00f3n de desistir del contrato a trav\u00e9s de una declaraci\u00f3n inequ\u00edvoca<\/strong>\u00a0(por ejemplo, una carta enviada por correo postal, fax o correo electr\u00f3nico).\u00a0<strong>Podr\u00e1 utilizar este modelo de formulario de desistimiento, aunque su uso no es obligatorio<\/strong>. El usuario tiene, asimismo, la opci\u00f3n de cumplimentar y enviar electr\u00f3nicamente el modelo de formulario de desistimiento o cualquier otra declaraci\u00f3n inequ\u00edvoca a trav\u00e9s del sitio web https:\/\/seriprintserigrafia.com\/. Mediante esta opci\u00f3n, el consumidor recibir\u00e1 sin demora en un soporte duradero (por ejemplo, por correo electr\u00f3nico) el acuse de recepci\u00f3n de dicho desistimiento. Para cumplir el plazo de desistimiento, basta con que la comunicaci\u00f3n relativa al ejercicio de este derecho sea\u00a0<strong>enviada por el consumidor antes de que venza el plazo correspondiente<\/strong>.<\/p><p>El ejercicio del derecho de desistimiento extinguir\u00e1 las obligaciones de las partes de ejecutar el contrato o celebrarlo cuando el consumidor haya realizado una oferta, por lo que, en caso de respetar las condiciones mencionadas, le reembolsar\u00e9 todo pago recibido, (excluidos los gastos de entrega) sin demoras indebidas y, en cualquier caso, antes de que hayan transcurrido 14 d\u00edas naturales desde la fecha en que se recibi\u00f3 la voluntad del consumidor y usuario de desistir del contrato. Este reembolso ser\u00e1 efectuado utilizando un vale por el mismo valor de la transacci\u00f3n inicial, a no ser que haya dispuesto expresamente lo contrario y siempre y cuando usted no incurra en ning\u00fan gasto como consecuencia del reembolso.<\/p><p>Se excluye del derecho de desistimiento a los contratos mencionados en el art\u00edculo 103 del Real Decreto Legislativo 1\/2007 de 16 de noviembre por el que se aprueba el texto refundido de la Ley General para la Defensa de los Consumidores y Usuarios y otras leyes complementarias<\/p>\t\t\t\t\t\t\t\t<\/div>\n\t\t\t\t<\/div>\n\t\t\t\t\t<\/div>\n\t\t<\/div>\n\t\t\t\t\t<\/div>\n\t\t<\/section>\n\t\t\t\t<\/div>","protected":false},"excerpt":{"rendered":"<p>MODELO DE FORMULARIO DE DESISTIMIENTO (Este documento o carta solo se debe cumplimentar y enviar si desea desistir del contrato) Asunto:&nbsp;Desistimiento del contrato En:\u2026\u2026\u2026\u2026\u2026\u2026\u2026\u2026\u2026\u2026\u2026.., a\u2026\u2026\u2026\u2026.\/\u2026\u2026\u2026\u2026\u2026\/\u2026\u2026\u2026\u2026. A la atenci\u00f3n de: Seriprint Serigraf\u00eda Pol\u00edgono Industrial Casti\u00f1eiras Nave 21, 36939 \u2013 Bueu \u2013 Pontevedra Tel\u00e9fono de contacto: 986.320.255 Email de contacto: https:\/\/seriprintserigrafia.com\/ Titular de la siguiente p\u00e1gina web [&hellip;]<\/p>\n","protected":false},"author":1,"featured_media":0,"parent":0,"menu_order":0,"comment_status":"closed","ping_status":"closed","template":"","meta":{"site-sidebar-layout":"no-sidebar","site-content-layout":"page-builder","ast-site-content-layout":"default","site-content-style":"default","site-sidebar-style":"default","ast-global-header-display":"","ast-banner-title-visibility":"","ast-main-header-display":"","ast-hfb-above-header-display":"","ast-hfb-below-header-display":"","ast-hfb-mobile-header-display":"","site-post-title":"disabled","ast-breadcrumbs-content":"","ast-featured-img":"disabled","footer-sml-layout":"","ast-disable-related-posts":"","theme-transparent-header-meta":"default","adv-header-id-meta":"","stick-header-meta":"default","header-above-stick-meta":"","header-main-stick-meta":"","header-below-stick-meta":"","astra-migrate-meta-layouts":"default","ast-page-background-enabled":"default","ast-page-background-meta":{"desktop":{"background-color":"","background-image":"","background-repeat":"repeat","background-position":"center center","background-size":"auto","background-attachment":"scroll","background-type":"","background-media":"","overlay-type":"","overlay-color":"","overlay-opacity":"","overlay-gradient":""},"tablet":{"background-color":"","background-image":"","background-repeat":"repeat","background-position":"center center","background-size":"auto","background-attachment":"scroll","background-type":"","background-media":"","overlay-type":"","overlay-color":"","overlay-opacity":"","overlay-gradient":""},"mobile":{"background-color":"","background-image":"","background-repeat":"repeat","background-position":"center center","background-size":"auto","background-attachment":"scroll","background-type":"","background-media":"","overlay-type":"","overlay-color":"","overlay-opacity":"","overlay-gradient":""}},"ast-content-background-meta":{"desktop":{"background-color":"var(--ast-global-color-5)","background-image":"","background-repeat":"repeat","background-position":"center center","background-size":"auto","background-attachment":"scroll","background-type":"","background-media":"","overlay-type":"","overlay-color":"","overlay-opacity":"","overlay-gradient":""},"tablet":{"background-color":"var(--ast-global-color-5)","background-image":"","background-repeat":"repeat","background-position":"center center","background-size":"auto","background-attachment":"scroll","background-type":"","background-media":"","overlay-type":"","overlay-color":"","overlay-opacity":"","overlay-gradient":""},"mobile":{"background-color":"var(--ast-global-color-5)","background-image":"","background-repeat":"repeat","background-position":"center center","background-size":"auto","background-attachment":"scroll","background-type":"","background-media":"","overlay-type":"","overlay-color":"","overlay-opacity":"","overlay-gradient":""}},"footnotes":""},"class_list":["post-1941","page","type-page","status-publish","hentry"],"yoast_head":"<!-- This site is optimized with the Yoast SEO Premium plugin v21.7 (Yoast SEO v27.5) - https:\/\/yoast.com\/product\/yoast-seo-premium-wordpress\/ -->\n<title>Modelo Desistimiento - Seriprint Serigraf\u00eda<\/title>\n<meta name=\"description\" content=\"Seriprint serigraf\u00eda venta online de bolsas .Modelo de formulario de desistimiento.Escoga el formulario de desistimiento env\u00edanoslo.\" \/>\n<meta name=\"robots\" content=\"index, follow, max-snippet:-1, max-image-preview:large, max-video-preview:-1\" \/>\n<link rel=\"canonical\" href=\"https:\/\/seriprintserigrafia.com\/en\/modelo-desistimiento\/\" \/>\n<meta property=\"og:locale\" content=\"en_GB\" \/>\n<meta property=\"og:type\" content=\"article\" \/>\n<meta property=\"og:title\" content=\"Modelo Desistimiento\" \/>\n<meta property=\"og:description\" content=\"Seriprint serigraf\u00eda venta online de bolsas .Modelo de formulario de desistimiento.Escoga el formulario de desistimiento env\u00edanoslo.\" \/>\n<meta property=\"og:url\" content=\"https:\/\/seriprintserigrafia.com\/en\/modelo-desistimiento\/\" \/>\n<meta property=\"og:site_name\" content=\"Seriprint Serigraf\u00eda\" \/>\n<meta property=\"article:publisher\" content=\"https:\/\/www.facebook.com\/bolsasdepapelbaratas\" \/>\n<meta property=\"article:modified_time\" content=\"2023-08-10T11:14:50+00:00\" \/>\n<meta name=\"twitter:card\" content=\"summary_large_image\" \/>\n<meta name=\"twitter:site\" content=\"@_Seriprint\" \/>\n<meta name=\"twitter:label1\" content=\"Estimated reading time\" \/>\n\t<meta name=\"twitter:data1\" content=\"3 minutes\" \/>\n<script type=\"application\/ld+json\" class=\"yoast-schema-graph\">{\"@context\":\"https:\\\/\\\/schema.org\",\"@graph\":[{\"@type\":\"WebPage\",\"@id\":\"https:\\\/\\\/seriprintserigrafia.com\\\/modelo-desistimiento\\\/\",\"url\":\"https:\\\/\\\/seriprintserigrafia.com\\\/modelo-desistimiento\\\/\",\"name\":\"Modelo Desistimiento - Seriprint Serigraf\u00eda\",\"isPartOf\":{\"@id\":\"https:\\\/\\\/seriprintserigrafia.com\\\/#website\"},\"datePublished\":\"2021-03-02T11:15:37+00:00\",\"dateModified\":\"2023-08-10T11:14:50+00:00\",\"description\":\"Seriprint serigraf\u00eda venta online de bolsas .Modelo de formulario de desistimiento.Escoga el formulario de desistimiento env\u00edanoslo.\",\"breadcrumb\":{\"@id\":\"https:\\\/\\\/seriprintserigrafia.com\\\/modelo-desistimiento\\\/#breadcrumb\"},\"inLanguage\":\"en-GB\",\"potentialAction\":[{\"@type\":\"ReadAction\",\"target\":[\"https:\\\/\\\/seriprintserigrafia.com\\\/modelo-desistimiento\\\/\"]}]},{\"@type\":\"BreadcrumbList\",\"@id\":\"https:\\\/\\\/seriprintserigrafia.com\\\/modelo-desistimiento\\\/#breadcrumb\",\"itemListElement\":[{\"@type\":\"ListItem\",\"position\":1,\"name\":\"Portada\",\"item\":\"https:\\\/\\\/seriprintserigrafia.com\\\/\"},{\"@type\":\"ListItem\",\"position\":2,\"name\":\"Modelo Desistimiento\"}]},{\"@type\":\"WebSite\",\"@id\":\"https:\\\/\\\/seriprintserigrafia.com\\\/#website\",\"url\":\"https:\\\/\\\/seriprintserigrafia.com\\\/\",\"name\":\"Seriprint Serigraf\u00eda\",\"description\":\"Las Mejores Ofertas en Bolsas\",\"publisher\":{\"@id\":\"https:\\\/\\\/seriprintserigrafia.com\\\/#organization\"},\"potentialAction\":[{\"@type\":\"SearchAction\",\"target\":{\"@type\":\"EntryPoint\",\"urlTemplate\":\"https:\\\/\\\/seriprintserigrafia.com\\\/?s={search_term_string}\"},\"query-input\":{\"@type\":\"PropertyValueSpecification\",\"valueRequired\":true,\"valueName\":\"search_term_string\"}}],\"inLanguage\":\"en-GB\"},{\"@type\":\"Organization\",\"@id\":\"https:\\\/\\\/seriprintserigrafia.com\\\/#organization\",\"name\":\"Seriprint Serigraf\u00eda S.L\",\"url\":\"https:\\\/\\\/seriprintserigrafia.com\\\/\",\"logo\":{\"@type\":\"ImageObject\",\"inLanguage\":\"en-GB\",\"@id\":\"https:\\\/\\\/seriprintserigrafia.com\\\/#\\\/schema\\\/logo\\\/image\\\/\",\"url\":\"https:\\\/\\\/seriprintserigrafia.com\\\/wp-content\\\/uploads\\\/2021\\\/02\\\/Logo-Seriprint-Serigrafia-Transparente.png\",\"contentUrl\":\"https:\\\/\\\/seriprintserigrafia.com\\\/wp-content\\\/uploads\\\/2021\\\/02\\\/Logo-Seriprint-Serigrafia-Transparente.png\",\"width\":594,\"height\":213,\"caption\":\"Seriprint Serigraf\u00eda S.L\"},\"image\":{\"@id\":\"https:\\\/\\\/seriprintserigrafia.com\\\/#\\\/schema\\\/logo\\\/image\\\/\"},\"sameAs\":[\"https:\\\/\\\/www.facebook.com\\\/bolsasdepapelbaratas\",\"https:\\\/\\\/x.com\\\/_Seriprint\",\"https:\\\/\\\/www.instagram.com\\\/seriprint_serigrafia_\\\/\"]}]}<\/script>\n<!-- \/ Yoast SEO Premium plugin. -->","yoast_head_json":{"title":"Modelo Desistimiento - Seriprint Serigraf\u00eda","description":"Seriprint serigraf\u00eda venta online de bolsas .Modelo de formulario de desistimiento.Escoga el formulario de desistimiento env\u00edanoslo.","robots":{"index":"index","follow":"follow","max-snippet":"max-snippet:-1","max-image-preview":"max-image-preview:large","max-video-preview":"max-video-preview:-1"},"canonical":"https:\/\/seriprintserigrafia.com\/en\/modelo-desistimiento\/","og_locale":"en_GB","og_type":"article","og_title":"Modelo Desistimiento","og_description":"Seriprint serigraf\u00eda venta online de bolsas .Modelo de formulario de desistimiento.Escoga el formulario de desistimiento env\u00edanoslo.","og_url":"https:\/\/seriprintserigrafia.com\/en\/modelo-desistimiento\/","og_site_name":"Seriprint Serigraf\u00eda","article_publisher":"https:\/\/www.facebook.com\/bolsasdepapelbaratas","article_modified_time":"2023-08-10T11:14:50+00:00","twitter_card":"summary_large_image","twitter_site":"@_Seriprint","twitter_misc":{"Estimated reading time":"3 minutes"},"schema":{"@context":"https:\/\/schema.org","@graph":[{"@type":"WebPage","@id":"https:\/\/seriprintserigrafia.com\/modelo-desistimiento\/","url":"https:\/\/seriprintserigrafia.com\/modelo-desistimiento\/","name":"Modelo Desistimiento - Seriprint Serigraf\u00eda","isPartOf":{"@id":"https:\/\/seriprintserigrafia.com\/#website"},"datePublished":"2021-03-02T11:15:37+00:00","dateModified":"2023-08-10T11:14:50+00:00","description":"Seriprint serigraf\u00eda venta online de bolsas .Modelo de formulario de desistimiento.Escoga el formulario de desistimiento env\u00edanoslo.","breadcrumb":{"@id":"https:\/\/seriprintserigrafia.com\/modelo-desistimiento\/#breadcrumb"},"inLanguage":"en-GB","potentialAction":[{"@type":"ReadAction","target":["https:\/\/seriprintserigrafia.com\/modelo-desistimiento\/"]}]},{"@type":"BreadcrumbList","@id":"https:\/\/seriprintserigrafia.com\/modelo-desistimiento\/#breadcrumb","itemListElement":[{"@type":"ListItem","position":1,"name":"Portada","item":"https:\/\/seriprintserigrafia.com\/"},{"@type":"ListItem","position":2,"name":"Modelo Desistimiento"}]},{"@type":"WebSite","@id":"https:\/\/seriprintserigrafia.com\/#website","url":"https:\/\/seriprintserigrafia.com\/","name":"Seriprint Serigraf\u00eda","description":"The Best Offers on Bags","publisher":{"@id":"https:\/\/seriprintserigrafia.com\/#organization"},"potentialAction":[{"@type":"SearchAction","target":{"@type":"EntryPoint","urlTemplate":"https:\/\/seriprintserigrafia.com\/?s={search_term_string}"},"query-input":{"@type":"PropertyValueSpecification","valueRequired":true,"valueName":"search_term_string"}}],"inLanguage":"en-GB"},{"@type":"Organization","@id":"https:\/\/seriprintserigrafia.com\/#organization","name":"Seriprint Serigraf\u00eda S.L","url":"https:\/\/seriprintserigrafia.com\/","logo":{"@type":"ImageObject","inLanguage":"en-GB","@id":"https:\/\/seriprintserigrafia.com\/#\/schema\/logo\/image\/","url":"https:\/\/seriprintserigrafia.com\/wp-content\/uploads\/2021\/02\/Logo-Seriprint-Serigrafia-Transparente.png","contentUrl":"https:\/\/seriprintserigrafia.com\/wp-content\/uploads\/2021\/02\/Logo-Seriprint-Serigrafia-Transparente.png","width":594,"height":213,"caption":"Seriprint Serigraf\u00eda S.L"},"image":{"@id":"https:\/\/seriprintserigrafia.com\/#\/schema\/logo\/image\/"},"sameAs":["https:\/\/www.facebook.com\/bolsasdepapelbaratas","https:\/\/x.com\/_Seriprint","https:\/\/www.instagram.com\/seriprint_serigrafia_\/"]}]}},"_links":{"self":[{"href":"https:\/\/seriprintserigrafia.com\/en\/wp-json\/wp\/v2\/pages\/1941","targetHints":{"allow":["GET"]}}],"collection":[{"href":"https:\/\/seriprintserigrafia.com\/en\/wp-json\/wp\/v2\/pages"}],"about":[{"href":"https:\/\/seriprintserigrafia.com\/en\/wp-json\/wp\/v2\/types\/page"}],"author":[{"embeddable":true,"href":"https:\/\/seriprintserigrafia.com\/en\/wp-json\/wp\/v2\/users\/1"}],"replies":[{"embeddable":true,"href":"https:\/\/seriprintserigrafia.com\/en\/wp-json\/wp\/v2\/comments?post=1941"}],"version-history":[{"count":9,"href":"https:\/\/seriprintserigrafia.com\/en\/wp-json\/wp\/v2\/pages\/1941\/revisions"}],"predecessor-version":[{"id":3487,"href":"https:\/\/seriprintserigrafia.com\/en\/wp-json\/wp\/v2\/pages\/1941\/revisions\/3487"}],"wp:attachment":[{"href":"https:\/\/seriprintserigrafia.com\/en\/wp-json\/wp\/v2\/media?parent=1941"}],"curies":[{"name":"wp","href":"https:\/\/api.w.org\/{rel}","templated":true}]}}